{"id":7664,"date":"2023-06-23T19:43:48","date_gmt":"2023-06-23T17:43:48","guid":{"rendered":"https:\/\/bilshopping.dk\/produkt\/housegard-firestopper-slukkespray-5a-21b-600-ml\/"},"modified":"2023-06-23T19:44:00","modified_gmt":"2023-06-23T17:44:00","slug":"housegard-firestopper-slukkespray-5a-21b-600-ml","status":"publish","type":"product","link":"https:\/\/bilshopping.dk\/?product=housegard-firestopper-slukkespray-5a-21b-600-ml","title":{"rendered":"Housegard Firestopper \/ Slukkespray 5A 21B, 600 ml"},"content":{"rendered":"<p>Produktid er <strong>3275<\/strong> og <strong>7320896002135<\/strong><\/p>\n<h2>Anmeldelse af Housegard Firestopper \/ Slukkespray 5A 21B, 600 ml<\/h2>\n<p>Se om vi har en <a href=\"https:\/\/bilshopping.dk\/592\">anmeldelse af Housegard Firestopper \/ Slukkespray 5A 21B, 600 ml<\/a>.<\/p>\n","protected":false},"excerpt":{"rendered":"<p>FireStopper slukkespray fra Housegard. FireStopper er kompakt og ligger t\u00e6t p\u00e5 brandslukkerens egenskaber, men med den fordel, at den er lille, letanvendelig og kan placeres lige ved h\u00e5nden ved komfuret eller i v\u00e6rkt\u00f8jskassen.\u00c2\u00a0<br \/>\nBrandklassen 5A 21B 5F bet, Housegard Firestopper \/ Slukkespray 5A 21B, 600 ml.<\/p>\n","protected":false},"featured_media":7665,"comment_status":"closed","ping_status":"open","template":"","meta":{"_kad_post_transparent":"","_kad_post_title":"","_kad_post_layout":"","_kad_post_sidebar_id":"","_kad_post_content_style":"","_kad_post_vertical_padding":"","_kad_post_feature":"","_kad_post_feature_position":"","_kad_post_header":false,"_kad_post_footer":false},"product_cat":[3211,3327],"product_tag":[3213,2988,3328],"brand":[],"class_list":{"0":"post-7664","1":"product","2":"type-product","3":"status-publish","4":"has-post-thumbnail","6":"product_cat-indvendig-tilbehoer","7":"product_cat-sikkerhed","8":"product_tag-indvendig-tilbehoer","9":"product_tag-los","10":"product_tag-sikkerhed","12":"first","13":"instock","14":"product-type-external","15":"entry","16":"content-bg","17":"loop-entry"},"_links":{"self":[{"href":"https:\/\/bilshopping.dk\/index.php?rest_route=\/wp\/v2\/product\/7664","targetHints":{"allow":["GET"]}}],"collection":[{"href":"https:\/\/bilshopping.dk\/index.php?rest_route=\/wp\/v2\/product"}],"about":[{"href":"https:\/\/bilshopping.dk\/index.php?rest_route=\/wp\/v2\/types\/product"}],"replies":[{"embeddable":true,"href":"https:\/\/bilshopping.dk\/index.php?rest_route=%2Fwp%2Fv2%2Fcomments&post=7664"}],"wp:featuredmedia":[{"embeddable":true,"href":"https:\/\/bilshopping.dk\/index.php?rest_route=\/wp\/v2\/media\/7665"}],"wp:attachment":[{"href":"https:\/\/bilshopping.dk\/index.php?rest_route=%2Fwp%2Fv2%2Fmedia&parent=7664"}],"wp:term":[{"taxonomy":"product_cat","embeddable":true,"href":"https:\/\/bilshopping.dk\/index.php?rest_route=%2Fwp%2Fv2%2Fproduct_cat&post=7664"},{"taxonomy":"product_tag","embeddable":true,"href":"https:\/\/bilshopping.dk\/index.php?rest_route=%2Fwp%2Fv2%2Fproduct_tag&post=7664"},{"taxonomy":"brand","embeddable":true,"href":"https:\/\/bilshopping.dk\/index.php?rest_route=%2Fwp%2Fv2%2Fbrand&post=7664"}],"curies":[{"name":"wp","href":"https:\/\/api.w.org\/{rel}","templated":true}]}}