{"id":7678,"date":"2023-06-23T19:44:04","date_gmt":"2023-06-23T17:44:04","guid":{"rendered":"https:\/\/bilshopping.dk\/produkt\/rockford-fosgate-punch-p1-1x10-portet-sub-box-1x10\/"},"modified":"2023-06-23T19:44:07","modified_gmt":"2023-06-23T17:44:07","slug":"rockford-fosgate-punch-p1-1x10-portet-sub-box-1x10","status":"publish","type":"product","link":"https:\/\/bilshopping.dk\/?product=rockford-fosgate-punch-p1-1x10-portet-sub-box-1x10","title":{"rendered":"Rockford Fosgate Punch P1-1X10 portet Sub-box &#8211; 1&#215;10&#8243;"},"content":{"rendered":"<p>Produktid er <strong>3282<\/strong> og <strong>780687332891<\/strong><\/p>\n<h2>Anmeldelse af Rockford Fosgate Punch P1-1X10 portet Sub-box &#8211; 1&#215;10&#8243;<\/h2>\n<p>Se om vi har en <a href=\"https:\/\/bilshopping.dk\/592\">anmeldelse af Rockford Fosgate Punch P1-1X10 portet Sub-box &#8211; 1&#215;10&#8243;<\/a>.<\/p>\n","protected":false},"excerpt":{"rendered":"<p>Rockford Fosgate P1-1X10 er en enkelt P1 10&#8243; ventileret baskasse med 250 Watt RMS str\u00f8mh\u00e5ndtering kablet til en 4-Ohm belastning.<br \/>\nKabinettet er konstrueret med 5\/8\u00e2\u0080\u009d MDF, d\u00e6kket af h\u00f8jdensitetst\u00e6ppe og har hurtigudl\u00f8sende kompressionsterminaler., Rockford Fosgate Punch P1-1X10 portet Sub-box &#8211; 1&#215;10&#8243;.<\/p>\n","protected":false},"featured_media":7679,"comment_status":"closed","ping_status":"open","template":"","meta":{"_kad_post_transparent":"","_kad_post_title":"","_kad_post_layout":"","_kad_post_sidebar_id":"","_kad_post_content_style":"","_kad_post_vertical_padding":"","_kad_post_feature":"","_kad_post_feature_position":"","_kad_post_header":false,"_kad_post_footer":false},"product_cat":[3162,3178],"product_tag":[3164,2988,3179],"brand":[],"class_list":{"0":"post-7678","1":"product","2":"type-product","3":"status-publish","4":"has-post-thumbnail","6":"product_cat-bilstereo","7":"product_cat-subwoofere","8":"product_tag-bilstereo","9":"product_tag-los","10":"product_tag-subwoofere","12":"first","13":"instock","14":"product-type-external","15":"entry","16":"content-bg","17":"loop-entry"},"_links":{"self":[{"href":"https:\/\/bilshopping.dk\/index.php?rest_route=\/wp\/v2\/product\/7678","targetHints":{"allow":["GET"]}}],"collection":[{"href":"https:\/\/bilshopping.dk\/index.php?rest_route=\/wp\/v2\/product"}],"about":[{"href":"https:\/\/bilshopping.dk\/index.php?rest_route=\/wp\/v2\/types\/product"}],"replies":[{"embeddable":true,"href":"https:\/\/bilshopping.dk\/index.php?rest_route=%2Fwp%2Fv2%2Fcomments&post=7678"}],"wp:featuredmedia":[{"embeddable":true,"href":"https:\/\/bilshopping.dk\/index.php?rest_route=\/wp\/v2\/media\/7679"}],"wp:attachment":[{"href":"https:\/\/bilshopping.dk\/index.php?rest_route=%2Fwp%2Fv2%2Fmedia&parent=7678"}],"wp:term":[{"taxonomy":"product_cat","embeddable":true,"href":"https:\/\/bilshopping.dk\/index.php?rest_route=%2Fwp%2Fv2%2Fproduct_cat&post=7678"},{"taxonomy":"product_tag","embeddable":true,"href":"https:\/\/bilshopping.dk\/index.php?rest_route=%2Fwp%2Fv2%2Fproduct_tag&post=7678"},{"taxonomy":"brand","embeddable":true,"href":"https:\/\/bilshopping.dk\/index.php?rest_route=%2Fwp%2Fv2%2Fbrand&post=7678"}],"curies":[{"name":"wp","href":"https:\/\/api.w.org\/{rel}","templated":true}]}}