{"id":7686,"date":"2023-06-23T19:44:04","date_gmt":"2023-06-23T17:44:04","guid":{"rendered":"https:\/\/bilshopping.dk\/produkt\/moetrikskjulere-til-ch-17-bolte-krom-20-stk\/"},"modified":"2023-06-23T19:44:11","modified_gmt":"2023-06-23T17:44:11","slug":"moetrikskjulere-til-ch-17-bolte-krom-20-stk","status":"publish","type":"product","link":"https:\/\/bilshopping.dk\/?product=moetrikskjulere-til-ch-17-bolte-krom-20-stk","title":{"rendered":"M\u00f8trikskjulere til ch-17 bolte, krom &#8211; 20 stk."},"content":{"rendered":"<p>Produktid er <strong>3286<\/strong> og <strong><\/strong><\/p>\n<h2>Anmeldelse af M\u00f8trikskjulere til ch-17 bolte, krom &#8211; 20 stk.<\/h2>\n<p>Se om vi har en <a href=\"https:\/\/bilshopping.dk\/592\">anmeldelse af M\u00f8trikskjulere til ch-17 bolte, krom &#8211; 20 stk.<\/a>.<\/p>\n","protected":false},"excerpt":{"rendered":"<p>M\u00f8trikskjullere 20 stk 17 mm, krom<br \/>\nInkl. afmonteringsv\u00e6rkst\u00f8j, M\u00f8trikskjulere til ch-17 bolte, krom &#8211; 20 stk..<\/p>\n","protected":false},"featured_media":7687,"comment_status":"closed","ping_status":"open","template":"","meta":{"_kad_post_transparent":"","_kad_post_title":"","_kad_post_layout":"","_kad_post_sidebar_id":"","_kad_post_content_style":"","_kad_post_vertical_padding":"","_kad_post_feature":"","_kad_post_feature_position":"","_kad_post_header":false,"_kad_post_footer":false},"product_cat":[3334,3284],"product_tag":[2988,3335,3286],"brand":[],"class_list":{"0":"post-7686","1":"product","2":"type-product","3":"status-publish","4":"has-post-thumbnail","6":"product_cat-spacere-bolte","7":"product_cat-styling","8":"product_tag-los","9":"product_tag-spacere-bolte","10":"product_tag-styling","12":"first","13":"instock","14":"product-type-external","15":"entry","16":"content-bg","17":"loop-entry"},"_links":{"self":[{"href":"https:\/\/bilshopping.dk\/index.php?rest_route=\/wp\/v2\/product\/7686","targetHints":{"allow":["GET"]}}],"collection":[{"href":"https:\/\/bilshopping.dk\/index.php?rest_route=\/wp\/v2\/product"}],"about":[{"href":"https:\/\/bilshopping.dk\/index.php?rest_route=\/wp\/v2\/types\/product"}],"replies":[{"embeddable":true,"href":"https:\/\/bilshopping.dk\/index.php?rest_route=%2Fwp%2Fv2%2Fcomments&post=7686"}],"wp:featuredmedia":[{"embeddable":true,"href":"https:\/\/bilshopping.dk\/index.php?rest_route=\/wp\/v2\/media\/7687"}],"wp:attachment":[{"href":"https:\/\/bilshopping.dk\/index.php?rest_route=%2Fwp%2Fv2%2Fmedia&parent=7686"}],"wp:term":[{"taxonomy":"product_cat","embeddable":true,"href":"https:\/\/bilshopping.dk\/index.php?rest_route=%2Fwp%2Fv2%2Fproduct_cat&post=7686"},{"taxonomy":"product_tag","embeddable":true,"href":"https:\/\/bilshopping.dk\/index.php?rest_route=%2Fwp%2Fv2%2Fproduct_tag&post=7686"},{"taxonomy":"brand","embeddable":true,"href":"https:\/\/bilshopping.dk\/index.php?rest_route=%2Fwp%2Fv2%2Fbrand&post=7686"}],"curies":[{"name":"wp","href":"https:\/\/api.w.org\/{rel}","templated":true}]}}