{"id":7694,"date":"2023-06-23T19:44:04","date_gmt":"2023-06-23T17:44:04","guid":{"rendered":"https:\/\/bilshopping.dk\/produkt\/sinox-traadloes-apple-carplay-adapter\/"},"modified":"2023-06-23T19:44:14","modified_gmt":"2023-06-23T17:44:14","slug":"sinox-traadloes-apple-carplay-adapter","status":"publish","type":"product","link":"https:\/\/bilshopping.dk\/?product=sinox-traadloes-apple-carplay-adapter","title":{"rendered":"Sinox Tr\u00e5dl\u00f8s Apple Carplay adapter"},"content":{"rendered":"<p>Produktid er <strong>3291<\/strong> og <strong>5706808033190<\/strong><\/p>\n<h2>Anmeldelse af Sinox Tr\u00e5dl\u00f8s Apple Carplay adapter<\/h2>\n<p>Se om vi har en <a href=\"https:\/\/bilshopping.dk\/592\">anmeldelse af Sinox Tr\u00e5dl\u00f8s Apple Carplay adapter<\/a>.<\/p>\n","protected":false},"excerpt":{"rendered":"<p>Sinox iMedia adapter g\u00f8r din opkobling til bilens Apple\u00e2\u0084\u00a2 CarPlay\u00c2\u00ae tr\u00e5dl\u00f8s, s\u00e5 du slipper for irriterende ledninger.<br \/>\n\tSlip for ledninger og skab forbindelse via Bluetooth.<br \/>\n\tAutomatisk forbindelse og uafbrudt Carplay funktion.<br \/>\n\tPlug &#038; Play &#8211; monteres blo, Sinox Tr\u00e5dl\u00f8s Apple Carplay adapter.<\/p>\n","protected":false},"featured_media":7695,"comment_status":"closed","ping_status":"open","template":"","meta":{"_kad_post_transparent":"","_kad_post_title":"","_kad_post_layout":"","_kad_post_sidebar_id":"","_kad_post_content_style":"","_kad_post_vertical_padding":"","_kad_post_feature":"","_kad_post_feature_position":"","_kad_post_header":false,"_kad_post_footer":false},"product_cat":[3314,3162],"product_tag":[3315,3164,2988],"brand":[],"class_list":{"0":"post-7694","1":"product","2":"type-product","3":"status-publish","4":"has-post-thumbnail","6":"product_cat-apple-carplay-android-auto-traadloes","7":"product_cat-bilstereo","8":"product_tag-apple-carplay-android-auto-traadloes","9":"product_tag-bilstereo","10":"product_tag-los","12":"first","13":"instock","14":"sale","15":"product-type-external","16":"entry","17":"content-bg","18":"loop-entry"},"_links":{"self":[{"href":"https:\/\/bilshopping.dk\/index.php?rest_route=\/wp\/v2\/product\/7694","targetHints":{"allow":["GET"]}}],"collection":[{"href":"https:\/\/bilshopping.dk\/index.php?rest_route=\/wp\/v2\/product"}],"about":[{"href":"https:\/\/bilshopping.dk\/index.php?rest_route=\/wp\/v2\/types\/product"}],"replies":[{"embeddable":true,"href":"https:\/\/bilshopping.dk\/index.php?rest_route=%2Fwp%2Fv2%2Fcomments&post=7694"}],"wp:featuredmedia":[{"embeddable":true,"href":"https:\/\/bilshopping.dk\/index.php?rest_route=\/wp\/v2\/media\/7695"}],"wp:attachment":[{"href":"https:\/\/bilshopping.dk\/index.php?rest_route=%2Fwp%2Fv2%2Fmedia&parent=7694"}],"wp:term":[{"taxonomy":"product_cat","embeddable":true,"href":"https:\/\/bilshopping.dk\/index.php?rest_route=%2Fwp%2Fv2%2Fproduct_cat&post=7694"},{"taxonomy":"product_tag","embeddable":true,"href":"https:\/\/bilshopping.dk\/index.php?rest_route=%2Fwp%2Fv2%2Fproduct_tag&post=7694"},{"taxonomy":"brand","embeddable":true,"href":"https:\/\/bilshopping.dk\/index.php?rest_route=%2Fwp%2Fv2%2Fbrand&post=7694"}],"curies":[{"name":"wp","href":"https:\/\/api.w.org\/{rel}","templated":true}]}}