{"id":7702,"date":"2023-06-23T19:44:04","date_gmt":"2023-06-23T17:44:04","guid":{"rendered":"https:\/\/bilshopping.dk\/produkt\/gammeldags-koerelysrelae\/"},"modified":"2023-06-23T19:44:17","modified_gmt":"2023-06-23T17:44:17","slug":"gammeldags-koerelysrelae","status":"publish","type":"product","link":"https:\/\/bilshopping.dk\/?product=gammeldags-koerelysrelae","title":{"rendered":"Gammeldags K\u00f8relysrel\u00e6"},"content":{"rendered":"<p>Produktid er <strong>3295<\/strong> og <strong>7332809007588<\/strong><\/p>\n<h2>Anmeldelse af Gammeldags K\u00f8relysrel\u00e6<\/h2>\n<p>Se om vi har en <a href=\"https:\/\/bilshopping.dk\/592\">anmeldelse af Gammeldags K\u00f8relysrel\u00e6<\/a>.<\/p>\n","protected":false},"excerpt":{"rendered":"<p>Undg\u00e5 at glemme at t\u00e6nde for lyset p\u00e5 din bil med et gammeldags k\u00f8relys rel\u00e6. Med k\u00f8relys rel\u00e6et f\u00e5r du permanent lys til din bil p\u00e5 b\u00e5de dine forlygter og baglygter. Det betyder, at lyset p\u00e5 din bil t\u00e6nder samtidigt med, at du t\u00e6nder for bilen.<br \/>\nS\u00e6ttet in, Gammeldags K\u00f8relysrel\u00e6.<\/p>\n","protected":false},"featured_media":7703,"comment_status":"closed","ping_status":"open","template":"","meta":{"_kad_post_transparent":"","_kad_post_title":"","_kad_post_layout":"","_kad_post_sidebar_id":"","_kad_post_content_style":"","_kad_post_vertical_padding":"","_kad_post_feature":"","_kad_post_feature_position":"","_kad_post_header":false,"_kad_post_footer":false},"product_cat":[3323,3207],"product_tag":[2988,3324,3209],"brand":[],"class_list":{"0":"post-7702","1":"product","2":"type-product","3":"status-publish","4":"has-post-thumbnail","6":"product_cat-permanent-baglys","7":"product_cat-udvendig-tilbehoer","8":"product_tag-los","9":"product_tag-permanent-baglys","10":"product_tag-udvendig-tilbehoer","12":"first","13":"instock","14":"product-type-external","15":"entry","16":"content-bg","17":"loop-entry"},"_links":{"self":[{"href":"https:\/\/bilshopping.dk\/index.php?rest_route=\/wp\/v2\/product\/7702","targetHints":{"allow":["GET"]}}],"collection":[{"href":"https:\/\/bilshopping.dk\/index.php?rest_route=\/wp\/v2\/product"}],"about":[{"href":"https:\/\/bilshopping.dk\/index.php?rest_route=\/wp\/v2\/types\/product"}],"replies":[{"embeddable":true,"href":"https:\/\/bilshopping.dk\/index.php?rest_route=%2Fwp%2Fv2%2Fcomments&post=7702"}],"wp:featuredmedia":[{"embeddable":true,"href":"https:\/\/bilshopping.dk\/index.php?rest_route=\/wp\/v2\/media\/7703"}],"wp:attachment":[{"href":"https:\/\/bilshopping.dk\/index.php?rest_route=%2Fwp%2Fv2%2Fmedia&parent=7702"}],"wp:term":[{"taxonomy":"product_cat","embeddable":true,"href":"https:\/\/bilshopping.dk\/index.php?rest_route=%2Fwp%2Fv2%2Fproduct_cat&post=7702"},{"taxonomy":"product_tag","embeddable":true,"href":"https:\/\/bilshopping.dk\/index.php?rest_route=%2Fwp%2Fv2%2Fproduct_tag&post=7702"},{"taxonomy":"brand","embeddable":true,"href":"https:\/\/bilshopping.dk\/index.php?rest_route=%2Fwp%2Fv2%2Fbrand&post=7702"}],"curies":[{"name":"wp","href":"https:\/\/api.w.org\/{rel}","templated":true}]}}