{"id":7706,"date":"2023-06-23T19:44:04","date_gmt":"2023-06-23T17:44:04","guid":{"rendered":"https:\/\/bilshopping.dk\/produkt\/traadloes-android-auto-adapter\/"},"modified":"2023-06-23T19:44:19","modified_gmt":"2023-06-23T17:44:19","slug":"traadloes-android-auto-adapter","status":"publish","type":"product","link":"https:\/\/bilshopping.dk\/?product=traadloes-android-auto-adapter","title":{"rendered":"Tr\u00e5dl\u00f8s Android Auto Adapter"},"content":{"rendered":"<p>Produktid er <strong>3297<\/strong> og <strong>5714896001250<\/strong><\/p>\n<h2>Anmeldelse af Tr\u00e5dl\u00f8s Android Auto Adapter<\/h2>\n<p>Se om vi har en <a href=\"https:\/\/bilshopping.dk\/592\">anmeldelse af Tr\u00e5dl\u00f8s Android Auto Adapter<\/a>.<\/p>\n","protected":false},"excerpt":{"rendered":"<p>Har du allerede Android Auto i bilen, men er tr\u00e6t af skulle have telefonen op af lommen og tilslutte med kabel n\u00e5r du k\u00f8rer. S\u00e5 er denne Android Auto adapter l\u00f8sningen for dig.<br \/>\n(Adapteren virker kun til Android Auto &#8211; IKKE til Apple CarPlay)<br \/>\nMed en Androi, Tr\u00e5dl\u00f8s Android Auto Adapter.<\/p>\n","protected":false},"featured_media":7707,"comment_status":"closed","ping_status":"open","template":"","meta":{"_kad_post_transparent":"","_kad_post_title":"","_kad_post_layout":"","_kad_post_sidebar_id":"","_kad_post_content_style":"","_kad_post_vertical_padding":"","_kad_post_feature":"","_kad_post_feature_position":"","_kad_post_header":false,"_kad_post_footer":false},"product_cat":[3314,3162],"product_tag":[3315,3164,2988],"brand":[],"class_list":{"0":"post-7706","1":"product","2":"type-product","3":"status-publish","4":"has-post-thumbnail","6":"product_cat-apple-carplay-android-auto-traadloes","7":"product_cat-bilstereo","8":"product_tag-apple-carplay-android-auto-traadloes","9":"product_tag-bilstereo","10":"product_tag-los","12":"first","13":"instock","14":"sale","15":"product-type-external","16":"entry","17":"content-bg","18":"loop-entry"},"_links":{"self":[{"href":"https:\/\/bilshopping.dk\/index.php?rest_route=\/wp\/v2\/product\/7706","targetHints":{"allow":["GET"]}}],"collection":[{"href":"https:\/\/bilshopping.dk\/index.php?rest_route=\/wp\/v2\/product"}],"about":[{"href":"https:\/\/bilshopping.dk\/index.php?rest_route=\/wp\/v2\/types\/product"}],"replies":[{"embeddable":true,"href":"https:\/\/bilshopping.dk\/index.php?rest_route=%2Fwp%2Fv2%2Fcomments&post=7706"}],"wp:featuredmedia":[{"embeddable":true,"href":"https:\/\/bilshopping.dk\/index.php?rest_route=\/wp\/v2\/media\/7707"}],"wp:attachment":[{"href":"https:\/\/bilshopping.dk\/index.php?rest_route=%2Fwp%2Fv2%2Fmedia&parent=7706"}],"wp:term":[{"taxonomy":"product_cat","embeddable":true,"href":"https:\/\/bilshopping.dk\/index.php?rest_route=%2Fwp%2Fv2%2Fproduct_cat&post=7706"},{"taxonomy":"product_tag","embeddable":true,"href":"https:\/\/bilshopping.dk\/index.php?rest_route=%2Fwp%2Fv2%2Fproduct_tag&post=7706"},{"taxonomy":"brand","embeddable":true,"href":"https:\/\/bilshopping.dk\/index.php?rest_route=%2Fwp%2Fv2%2Fbrand&post=7706"}],"curies":[{"name":"wp","href":"https:\/\/api.w.org\/{rel}","templated":true}]}}