{"id":7712,"date":"2023-06-23T19:44:22","date_gmt":"2023-06-23T17:44:22","guid":{"rendered":"https:\/\/bilshopping.dk\/produkt\/digital-dynamic-traadloese-hovedtelefoner-saet\/"},"modified":"2023-06-23T19:44:22","modified_gmt":"2023-06-23T17:44:22","slug":"digital-dynamic-traadloese-hovedtelefoner-saet","status":"publish","type":"product","link":"https:\/\/bilshopping.dk\/?product=digital-dynamic-traadloese-hovedtelefoner-saet","title":{"rendered":"Digital Dynamic tr\u00e5dl\u00f8se hovedtelefoner s\u00e6t"},"content":{"rendered":"<p>Produktid er <strong>3302<\/strong> og <strong>8022303941202<\/strong><\/p>\n<h2>Anmeldelse af Digital Dynamic tr\u00e5dl\u00f8se hovedtelefoner s\u00e6t<\/h2>\n<p>Se om vi har en <a href=\"https:\/\/bilshopping.dk\/592\">anmeldelse af Digital Dynamic tr\u00e5dl\u00f8se hovedtelefoner s\u00e6t<\/a>.<\/p>\n","protected":false},"excerpt":{"rendered":"<p>Specifikationer:<br \/>\n\tIR<br \/>\n\tinkl. transmitter<br \/>\n\ts\u00e6t af 2 stk<br \/>\n\tJusterbar b\u00f8jle, Digital Dynamic tr\u00e5dl\u00f8se hovedtelefoner s\u00e6t.<\/p>\n","protected":false},"featured_media":7713,"comment_status":"closed","ping_status":"open","template":"","meta":{"_kad_post_transparent":"","_kad_post_title":"","_kad_post_layout":"","_kad_post_sidebar_id":"","_kad_post_content_style":"","_kad_post_vertical_padding":"","_kad_post_feature":"","_kad_post_feature_position":"","_kad_post_header":false,"_kad_post_footer":false},"product_cat":[3350,3292],"product_tag":[3164,2988,3294],"brand":[],"class_list":{"0":"post-7712","1":"product","2":"type-product","3":"status-publish","4":"has-post-thumbnail","6":"product_cat-bilstereo-outlet","7":"product_cat-outlet","8":"product_tag-bilstereo","9":"product_tag-los","10":"product_tag-outlet","12":"first","13":"instock","14":"sale","15":"product-type-external","16":"entry","17":"content-bg","18":"loop-entry"},"_links":{"self":[{"href":"https:\/\/bilshopping.dk\/index.php?rest_route=\/wp\/v2\/product\/7712","targetHints":{"allow":["GET"]}}],"collection":[{"href":"https:\/\/bilshopping.dk\/index.php?rest_route=\/wp\/v2\/product"}],"about":[{"href":"https:\/\/bilshopping.dk\/index.php?rest_route=\/wp\/v2\/types\/product"}],"replies":[{"embeddable":true,"href":"https:\/\/bilshopping.dk\/index.php?rest_route=%2Fwp%2Fv2%2Fcomments&post=7712"}],"wp:featuredmedia":[{"embeddable":true,"href":"https:\/\/bilshopping.dk\/index.php?rest_route=\/wp\/v2\/media\/7713"}],"wp:attachment":[{"href":"https:\/\/bilshopping.dk\/index.php?rest_route=%2Fwp%2Fv2%2Fmedia&parent=7712"}],"wp:term":[{"taxonomy":"product_cat","embeddable":true,"href":"https:\/\/bilshopping.dk\/index.php?rest_route=%2Fwp%2Fv2%2Fproduct_cat&post=7712"},{"taxonomy":"product_tag","embeddable":true,"href":"https:\/\/bilshopping.dk\/index.php?rest_route=%2Fwp%2Fv2%2Fproduct_tag&post=7712"},{"taxonomy":"brand","embeddable":true,"href":"https:\/\/bilshopping.dk\/index.php?rest_route=%2Fwp%2Fv2%2Fbrand&post=7712"}],"curies":[{"name":"wp","href":"https:\/\/api.w.org\/{rel}","templated":true}]}}