{"id":7716,"date":"2023-06-23T19:44:22","date_gmt":"2023-06-23T17:44:22","guid":{"rendered":"https:\/\/bilshopping.dk\/produkt\/calearo-pisk-til-16v-antenne-oe-5mm-stoejdaempet\/"},"modified":"2023-06-23T19:44:23","modified_gmt":"2023-06-23T17:44:23","slug":"calearo-pisk-til-16v-antenne-oe-5mm-stoejdaempet","status":"publish","type":"product","link":"https:\/\/bilshopping.dk\/?product=calearo-pisk-til-16v-antenne-oe-5mm-stoejdaempet","title":{"rendered":"Calearo Pisk Til 16V Antenne \u00d8 5mm, St\u00f8jd\u00e6mpet"},"content":{"rendered":"<p>Produktid er <strong>3305<\/strong> og <strong><\/strong><\/p>\n<h2>Anmeldelse af Calearo Pisk Til 16V Antenne \u00d8 5mm, St\u00f8jd\u00e6mpet<\/h2>\n<p>Se om vi har en <a href=\"https:\/\/bilshopping.dk\/592\">anmeldelse af Calearo Pisk Til 16V Antenne \u00d8 5mm, St\u00f8jd\u00e6mpet<\/a>.<\/p>\n","protected":false},"excerpt":{"rendered":"<p>Calearo antennepisk som er st\u00f8jd\u00e6mpet.\u00c2\u00a0<br \/>\nSt\u00f8jd\u00e6mpningen best\u00e5r af en snoede spiral der er omkring pisken. Den d\u00e6mper vindst\u00f8j og IKKE elektrisk st\u00f8j.<br \/>\nPisken er 41cm lang og har en monterings skrue p\u00e5 \u00d8 5mm.\u00c2\u00a0<br \/>\nPasser ogs\u00e5 p\u00e5 mange orignal monterede antenne, Calearo Pisk Til 16V Antenne \u00d8 5mm, St\u00f8jd\u00e6mpet.<\/p>\n","protected":false},"featured_media":7717,"comment_status":"closed","ping_status":"open","template":"","meta":{"_kad_post_transparent":"","_kad_post_title":"","_kad_post_layout":"","_kad_post_sidebar_id":"","_kad_post_content_style":"","_kad_post_vertical_padding":"","_kad_post_feature":"","_kad_post_feature_position":"","_kad_post_header":false,"_kad_post_footer":false},"product_cat":[3227,3162],"product_tag":[3228,3164,2988],"brand":[],"class_list":{"0":"post-7716","1":"product","2":"type-product","3":"status-publish","4":"has-post-thumbnail","6":"product_cat-antenner","7":"product_cat-bilstereo","8":"product_tag-antenner","9":"product_tag-bilstereo","10":"product_tag-los","12":"first","13":"instock","14":"sale","15":"product-type-external","16":"entry","17":"content-bg","18":"loop-entry"},"_links":{"self":[{"href":"https:\/\/bilshopping.dk\/index.php?rest_route=\/wp\/v2\/product\/7716","targetHints":{"allow":["GET"]}}],"collection":[{"href":"https:\/\/bilshopping.dk\/index.php?rest_route=\/wp\/v2\/product"}],"about":[{"href":"https:\/\/bilshopping.dk\/index.php?rest_route=\/wp\/v2\/types\/product"}],"replies":[{"embeddable":true,"href":"https:\/\/bilshopping.dk\/index.php?rest_route=%2Fwp%2Fv2%2Fcomments&post=7716"}],"wp:featuredmedia":[{"embeddable":true,"href":"https:\/\/bilshopping.dk\/index.php?rest_route=\/wp\/v2\/media\/7717"}],"wp:attachment":[{"href":"https:\/\/bilshopping.dk\/index.php?rest_route=%2Fwp%2Fv2%2Fmedia&parent=7716"}],"wp:term":[{"taxonomy":"product_cat","embeddable":true,"href":"https:\/\/bilshopping.dk\/index.php?rest_route=%2Fwp%2Fv2%2Fproduct_cat&post=7716"},{"taxonomy":"product_tag","embeddable":true,"href":"https:\/\/bilshopping.dk\/index.php?rest_route=%2Fwp%2Fv2%2Fproduct_tag&post=7716"},{"taxonomy":"brand","embeddable":true,"href":"https:\/\/bilshopping.dk\/index.php?rest_route=%2Fwp%2Fv2%2Fbrand&post=7716"}],"curies":[{"name":"wp","href":"https:\/\/api.w.org\/{rel}","templated":true}]}}