{"id":7746,"date":"2023-06-23T19:44:22","date_gmt":"2023-06-23T17:44:22","guid":{"rendered":"https:\/\/bilshopping.dk\/produkt\/hi-level-forstaerker-tilslutnings-kabel\/"},"modified":"2023-06-23T19:44:36","modified_gmt":"2023-06-23T17:44:36","slug":"hi-level-forstaerker-tilslutnings-kabel","status":"publish","type":"product","link":"https:\/\/bilshopping.dk\/?product=hi-level-forstaerker-tilslutnings-kabel","title":{"rendered":"Hi &#8211; Level Forst\u00e6rker Tilslutnings Kabel"},"content":{"rendered":"<p>Produktid er <strong>3321<\/strong> og <strong><\/strong><\/p>\n<h2>Anmeldelse af Hi &#8211; Level Forst\u00e6rker Tilslutnings Kabel<\/h2>\n<p>Se om vi har en <a href=\"https:\/\/bilshopping.dk\/592\">anmeldelse af Hi &#8211; Level Forst\u00e6rker Tilslutnings Kabel<\/a>.<\/p>\n","protected":false},"excerpt":{"rendered":"<p>Forst\u00e6rker adaptor der giver mulighed for at tilslutte en Audison eller Hertz forst\u00e6rker til en original radio.<br \/>\nBest\u00e5r af:<br \/>\n\t1 kabel p\u00e5 600cm med HAN &#038; HUN stik.<br \/>\nKan klippes over s\u00e5 det giver en kabel p\u00e5 300cm med HAN stik og et kabel p\u00e5 300cm med HUN stik, Hi &#8211; Level Forst\u00e6rker Tilslutnings Kabel.<\/p>\n","protected":false},"featured_media":7747,"comment_status":"closed","ping_status":"open","template":"","meta":{"_kad_post_transparent":"","_kad_post_title":"","_kad_post_layout":"","_kad_post_sidebar_id":"","_kad_post_content_style":"","_kad_post_vertical_padding":"","_kad_post_feature":"","_kad_post_feature_position":"","_kad_post_header":false,"_kad_post_footer":false},"product_cat":[3162,3182],"product_tag":[3164,2988,3183],"brand":[],"class_list":{"0":"post-7746","1":"product","2":"type-product","3":"status-publish","4":"has-post-thumbnail","6":"product_cat-bilstereo","7":"product_cat-monteringsdele","8":"product_tag-bilstereo","9":"product_tag-los","10":"product_tag-monteringsdele","12":"first","13":"instock","14":"product-type-external","15":"entry","16":"content-bg","17":"loop-entry"},"_links":{"self":[{"href":"https:\/\/bilshopping.dk\/index.php?rest_route=\/wp\/v2\/product\/7746","targetHints":{"allow":["GET"]}}],"collection":[{"href":"https:\/\/bilshopping.dk\/index.php?rest_route=\/wp\/v2\/product"}],"about":[{"href":"https:\/\/bilshopping.dk\/index.php?rest_route=\/wp\/v2\/types\/product"}],"replies":[{"embeddable":true,"href":"https:\/\/bilshopping.dk\/index.php?rest_route=%2Fwp%2Fv2%2Fcomments&post=7746"}],"wp:featuredmedia":[{"embeddable":true,"href":"https:\/\/bilshopping.dk\/index.php?rest_route=\/wp\/v2\/media\/7747"}],"wp:attachment":[{"href":"https:\/\/bilshopping.dk\/index.php?rest_route=%2Fwp%2Fv2%2Fmedia&parent=7746"}],"wp:term":[{"taxonomy":"product_cat","embeddable":true,"href":"https:\/\/bilshopping.dk\/index.php?rest_route=%2Fwp%2Fv2%2Fproduct_cat&post=7746"},{"taxonomy":"product_tag","embeddable":true,"href":"https:\/\/bilshopping.dk\/index.php?rest_route=%2Fwp%2Fv2%2Fproduct_tag&post=7746"},{"taxonomy":"brand","embeddable":true,"href":"https:\/\/bilshopping.dk\/index.php?rest_route=%2Fwp%2Fv2%2Fbrand&post=7746"}],"curies":[{"name":"wp","href":"https:\/\/api.w.org\/{rel}","templated":true}]}}