{"id":7750,"date":"2023-06-23T19:44:22","date_gmt":"2023-06-23T17:44:22","guid":{"rendered":"https:\/\/bilshopping.dk\/produkt\/start-stop-modul-med-iso-stik\/"},"modified":"2023-06-23T19:44:38","modified_gmt":"2023-06-23T17:44:38","slug":"start-stop-modul-med-iso-stik","status":"publish","type":"product","link":"https:\/\/bilshopping.dk\/?product=start-stop-modul-med-iso-stik","title":{"rendered":"Start\/Stop Modul Med ISO Stik"},"content":{"rendered":"<p>Produktid er <strong>3323<\/strong> og <strong><\/strong><\/p>\n<h2>Anmeldelse af Start\/Stop Modul Med ISO Stik<\/h2>\n<p>Se om vi har en <a href=\"https:\/\/bilshopping.dk\/592\">anmeldelse af Start\/Stop Modul Med ISO Stik<\/a>.<\/p>\n","protected":false},"excerpt":{"rendered":"<p>Plug&#8217;n&#8217;play sp\u00e6ndings stabilisator.<br \/>\nMonteret med ISO stik, n\u00e5r en eftermarkeds radio skal monteres i biler med &#8220;start\/stop&#8221;.<br \/>\nSkal bruges p\u00e5 biler, hvor b\u00e5de t\u00e6ndings plus og permanent plus falder i sp\u00e6nding under opstart af motor under &#8220;start\/stop&#8221;.<br \/>\n\u00c2\u00a0, Start\/Stop Modul Med ISO Stik.<\/p>\n","protected":false},"featured_media":7751,"comment_status":"closed","ping_status":"open","template":"","meta":{"_kad_post_transparent":"","_kad_post_title":"","_kad_post_layout":"","_kad_post_sidebar_id":"","_kad_post_content_style":"","_kad_post_vertical_padding":"","_kad_post_feature":"","_kad_post_feature_position":"","_kad_post_header":false,"_kad_post_footer":false},"product_cat":[3162,3182],"product_tag":[3164,2988,3183],"brand":[],"class_list":{"0":"post-7750","1":"product","2":"type-product","3":"status-publish","4":"has-post-thumbnail","6":"product_cat-bilstereo","7":"product_cat-monteringsdele","8":"product_tag-bilstereo","9":"product_tag-los","10":"product_tag-monteringsdele","12":"first","13":"instock","14":"product-type-external","15":"entry","16":"content-bg","17":"loop-entry"},"_links":{"self":[{"href":"https:\/\/bilshopping.dk\/index.php?rest_route=\/wp\/v2\/product\/7750","targetHints":{"allow":["GET"]}}],"collection":[{"href":"https:\/\/bilshopping.dk\/index.php?rest_route=\/wp\/v2\/product"}],"about":[{"href":"https:\/\/bilshopping.dk\/index.php?rest_route=\/wp\/v2\/types\/product"}],"replies":[{"embeddable":true,"href":"https:\/\/bilshopping.dk\/index.php?rest_route=%2Fwp%2Fv2%2Fcomments&post=7750"}],"wp:featuredmedia":[{"embeddable":true,"href":"https:\/\/bilshopping.dk\/index.php?rest_route=\/wp\/v2\/media\/7751"}],"wp:attachment":[{"href":"https:\/\/bilshopping.dk\/index.php?rest_route=%2Fwp%2Fv2%2Fmedia&parent=7750"}],"wp:term":[{"taxonomy":"product_cat","embeddable":true,"href":"https:\/\/bilshopping.dk\/index.php?rest_route=%2Fwp%2Fv2%2Fproduct_cat&post=7750"},{"taxonomy":"product_tag","embeddable":true,"href":"https:\/\/bilshopping.dk\/index.php?rest_route=%2Fwp%2Fv2%2Fproduct_tag&post=7750"},{"taxonomy":"brand","embeddable":true,"href":"https:\/\/bilshopping.dk\/index.php?rest_route=%2Fwp%2Fv2%2Fbrand&post=7750"}],"curies":[{"name":"wp","href":"https:\/\/api.w.org\/{rel}","templated":true}]}}