{"id":7764,"date":"2023-06-23T19:44:39","date_gmt":"2023-06-23T17:44:39","guid":{"rendered":"https:\/\/bilshopping.dk\/produkt\/hanstik-din-str-6-24-volt-max-8-amp\/"},"modified":"2023-06-23T19:44:43","modified_gmt":"2023-06-23T17:44:43","slug":"hanstik-din-str-6-24-volt-max-8-amp","status":"publish","type":"product","link":"https:\/\/bilshopping.dk\/?product=hanstik-din-str-6-24-volt-max-8-amp","title":{"rendered":"Hanstik DIN str. 6-24 volt &#8211; Max 8 amp."},"content":{"rendered":"<p>Produktid er <strong>3330<\/strong> og <strong>8711293027927<\/strong><\/p>\n<h2>Anmeldelse af Hanstik DIN str. 6-24 volt &#8211; Max 8 amp.<\/h2>\n<p>Se om vi har en <a href=\"https:\/\/bilshopping.dk\/592\">anmeldelse af Hanstik DIN str. 6-24 volt &#8211; Max 8 amp.<\/a>.<\/p>\n","protected":false},"excerpt":{"rendered":"<p>Cigarett\u00e6ndersokkel.<br \/>\nKan ogs\u00e5 anvendes som str\u00f8mudtag for f.eks k\u00f8leboks eller oplader til tablet, telefon eller andet., Hanstik DIN str. 6-24 volt &#8211; Max 8 amp..<\/p>\n","protected":false},"featured_media":7765,"comment_status":"closed","ping_status":"open","template":"","meta":{"_kad_post_transparent":"","_kad_post_title":"","_kad_post_layout":"","_kad_post_sidebar_id":"","_kad_post_content_style":"","_kad_post_vertical_padding":"","_kad_post_feature":"","_kad_post_feature_position":"","_kad_post_header":false,"_kad_post_footer":false},"product_cat":[3331,3211],"product_tag":[3330,3213,2988],"brand":[],"class_list":{"0":"post-7764","1":"product","2":"type-product","3":"status-publish","4":"has-post-thumbnail","6":"product_cat-diverse-indvendig-tilbehoer","7":"product_cat-indvendig-tilbehoer","8":"product_tag-diverse","9":"product_tag-indvendig-tilbehoer","10":"product_tag-los","12":"first","13":"instock","14":"product-type-external","15":"entry","16":"content-bg","17":"loop-entry"},"_links":{"self":[{"href":"https:\/\/bilshopping.dk\/index.php?rest_route=\/wp\/v2\/product\/7764","targetHints":{"allow":["GET"]}}],"collection":[{"href":"https:\/\/bilshopping.dk\/index.php?rest_route=\/wp\/v2\/product"}],"about":[{"href":"https:\/\/bilshopping.dk\/index.php?rest_route=\/wp\/v2\/types\/product"}],"replies":[{"embeddable":true,"href":"https:\/\/bilshopping.dk\/index.php?rest_route=%2Fwp%2Fv2%2Fcomments&post=7764"}],"wp:featuredmedia":[{"embeddable":true,"href":"https:\/\/bilshopping.dk\/index.php?rest_route=\/wp\/v2\/media\/7765"}],"wp:attachment":[{"href":"https:\/\/bilshopping.dk\/index.php?rest_route=%2Fwp%2Fv2%2Fmedia&parent=7764"}],"wp:term":[{"taxonomy":"product_cat","embeddable":true,"href":"https:\/\/bilshopping.dk\/index.php?rest_route=%2Fwp%2Fv2%2Fproduct_cat&post=7764"},{"taxonomy":"product_tag","embeddable":true,"href":"https:\/\/bilshopping.dk\/index.php?rest_route=%2Fwp%2Fv2%2Fproduct_tag&post=7764"},{"taxonomy":"brand","embeddable":true,"href":"https:\/\/bilshopping.dk\/index.php?rest_route=%2Fwp%2Fv2%2Fbrand&post=7764"}],"curies":[{"name":"wp","href":"https:\/\/api.w.org\/{rel}","templated":true}]}}