{"id":7766,"date":"2023-06-23T19:44:39","date_gmt":"2023-06-23T17:44:39","guid":{"rendered":"https:\/\/bilshopping.dk\/produkt\/carplay-til-audi-med-2g-mmi-aargang-2005-2009\/"},"modified":"2023-06-23T19:44:44","modified_gmt":"2023-06-23T17:44:44","slug":"carplay-til-audi-med-2g-mmi-aargang-2005-2009","status":"publish","type":"product","link":"https:\/\/bilshopping.dk\/?product=carplay-til-audi-med-2g-mmi-aargang-2005-2009","title":{"rendered":"Carplay til Audi med 2G MMI, \u00c5rgang 2005-2009"},"content":{"rendered":"<p>Produktid er <strong>3331<\/strong> og <strong>5700001009303<\/strong><\/p>\n<h2>Anmeldelse af Carplay til Audi med 2G MMI, \u00c5rgang 2005-2009<\/h2>\n<p>Se om vi har en <a href=\"https:\/\/bilshopping.dk\/592\">anmeldelse af Carplay til Audi med 2G MMI, \u00c5rgang 2005-2009<\/a>.<\/p>\n","protected":false},"excerpt":{"rendered":"<p>Denne professionelle plug &#038; play Apple CarPlay og Android Auto kit kan tilsluttes Audi A4, A5, A6, A8 &#038; Q7.<br \/>\nKittet underst\u00f8tter SiRi og fuld betjening via bilens MMI knap.<br \/>\nBilen skal have farvesk\u00e6rm og enten AUX i menuen eller AMI port for, at f\u00e5 CarPlay, Carplay til Audi med 2G MMI, \u00c5rgang 2005-2009.<\/p>\n","protected":false},"featured_media":7767,"comment_status":"closed","ping_status":"open","template":"","meta":{"_kad_post_transparent":"","_kad_post_title":"","_kad_post_layout":"","_kad_post_sidebar_id":"","_kad_post_content_style":"","_kad_post_vertical_padding":"","_kad_post_feature":"","_kad_post_feature_position":"","_kad_post_header":false,"_kad_post_footer":false},"product_cat":[3314,3162],"product_tag":[3315,3164,2988],"brand":[],"class_list":{"0":"post-7766","1":"product","2":"type-product","3":"status-publish","4":"has-post-thumbnail","6":"product_cat-apple-carplay-android-auto-traadloes","7":"product_cat-bilstereo","8":"product_tag-apple-carplay-android-auto-traadloes","9":"product_tag-bilstereo","10":"product_tag-los","12":"first","13":"instock","14":"sale","15":"product-type-external","16":"entry","17":"content-bg","18":"loop-entry"},"_links":{"self":[{"href":"https:\/\/bilshopping.dk\/index.php?rest_route=\/wp\/v2\/product\/7766","targetHints":{"allow":["GET"]}}],"collection":[{"href":"https:\/\/bilshopping.dk\/index.php?rest_route=\/wp\/v2\/product"}],"about":[{"href":"https:\/\/bilshopping.dk\/index.php?rest_route=\/wp\/v2\/types\/product"}],"replies":[{"embeddable":true,"href":"https:\/\/bilshopping.dk\/index.php?rest_route=%2Fwp%2Fv2%2Fcomments&post=7766"}],"wp:featuredmedia":[{"embeddable":true,"href":"https:\/\/bilshopping.dk\/index.php?rest_route=\/wp\/v2\/media\/7767"}],"wp:attachment":[{"href":"https:\/\/bilshopping.dk\/index.php?rest_route=%2Fwp%2Fv2%2Fmedia&parent=7766"}],"wp:term":[{"taxonomy":"product_cat","embeddable":true,"href":"https:\/\/bilshopping.dk\/index.php?rest_route=%2Fwp%2Fv2%2Fproduct_cat&post=7766"},{"taxonomy":"product_tag","embeddable":true,"href":"https:\/\/bilshopping.dk\/index.php?rest_route=%2Fwp%2Fv2%2Fproduct_tag&post=7766"},{"taxonomy":"brand","embeddable":true,"href":"https:\/\/bilshopping.dk\/index.php?rest_route=%2Fwp%2Fv2%2Fbrand&post=7766"}],"curies":[{"name":"wp","href":"https:\/\/api.w.org\/{rel}","templated":true}]}}