{"id":7768,"date":"2023-06-23T19:44:39","date_gmt":"2023-06-23T17:44:39","guid":{"rendered":"https:\/\/bilshopping.dk\/produkt\/hpx-dobbeltklaebende-tape-12-mm-x-10-m\/"},"modified":"2023-06-23T19:44:45","modified_gmt":"2023-06-23T17:44:45","slug":"hpx-dobbeltklaebende-tape-12-mm-x-10-m","status":"publish","type":"product","link":"https:\/\/bilshopping.dk\/?product=hpx-dobbeltklaebende-tape-12-mm-x-10-m","title":{"rendered":"HPX dobbeltkl\u00e6bende tape 12 mm x 10 m"},"content":{"rendered":"<p>Produktid er <strong>3332<\/strong> og <strong>8711347114283<\/strong><\/p>\n<h2>Anmeldelse af HPX dobbeltkl\u00e6bende tape 12 mm x 10 m<\/h2>\n<p>Se om vi har en <a href=\"https:\/\/bilshopping.dk\/592\">anmeldelse af HPX dobbeltkl\u00e6bende tape 12 mm x 10 m<\/a>.<\/p>\n","protected":false},"excerpt":{"rendered":"<p>HPX dobbeltkl\u00e6bende tape er en akryltape med meget h\u00f8j kl\u00e6beevne.<br \/>\nSpecifikationer:<br \/>\n\tSpecialdesignet til (tunge) lister, skilte mv.<br \/>\n\tGod vedh\u00e6ftning p\u00e5 metal, glas og de fleste plastmaterialer<br \/>\n\tOpl\u00f8sningsmiddelfast.<br \/>\n\tErstatter skruer og popnitte<br \/>\n\tKan genpl, HPX dobbeltkl\u00e6bende tape 12 mm x 10 m.<\/p>\n","protected":false},"featured_media":7769,"comment_status":"closed","ping_status":"open","template":"","meta":{"_kad_post_transparent":"","_kad_post_title":"","_kad_post_layout":"","_kad_post_sidebar_id":"","_kad_post_content_style":"","_kad_post_vertical_padding":"","_kad_post_feature":"","_kad_post_feature_position":"","_kad_post_header":false,"_kad_post_footer":false},"product_cat":[3243],"product_tag":[2988,3244],"brand":[],"class_list":{"0":"post-7768","1":"product","2":"type-product","3":"status-publish","4":"has-post-thumbnail","6":"product_cat-vaerktoej","7":"product_tag-los","8":"product_tag-vaerktoej","10":"first","11":"instock","12":"product-type-external","13":"entry","14":"content-bg","15":"loop-entry"},"_links":{"self":[{"href":"https:\/\/bilshopping.dk\/index.php?rest_route=\/wp\/v2\/product\/7768","targetHints":{"allow":["GET"]}}],"collection":[{"href":"https:\/\/bilshopping.dk\/index.php?rest_route=\/wp\/v2\/product"}],"about":[{"href":"https:\/\/bilshopping.dk\/index.php?rest_route=\/wp\/v2\/types\/product"}],"replies":[{"embeddable":true,"href":"https:\/\/bilshopping.dk\/index.php?rest_route=%2Fwp%2Fv2%2Fcomments&post=7768"}],"wp:featuredmedia":[{"embeddable":true,"href":"https:\/\/bilshopping.dk\/index.php?rest_route=\/wp\/v2\/media\/7769"}],"wp:attachment":[{"href":"https:\/\/bilshopping.dk\/index.php?rest_route=%2Fwp%2Fv2%2Fmedia&parent=7768"}],"wp:term":[{"taxonomy":"product_cat","embeddable":true,"href":"https:\/\/bilshopping.dk\/index.php?rest_route=%2Fwp%2Fv2%2Fproduct_cat&post=7768"},{"taxonomy":"product_tag","embeddable":true,"href":"https:\/\/bilshopping.dk\/index.php?rest_route=%2Fwp%2Fv2%2Fproduct_tag&post=7768"},{"taxonomy":"brand","embeddable":true,"href":"https:\/\/bilshopping.dk\/index.php?rest_route=%2Fwp%2Fv2%2Fbrand&post=7768"}],"curies":[{"name":"wp","href":"https:\/\/api.w.org\/{rel}","templated":true}]}}