{"id":7774,"date":"2023-06-23T19:44:39","date_gmt":"2023-06-23T17:44:39","guid":{"rendered":"https:\/\/bilshopping.dk\/produkt\/ampire-10-skaerm-appel-carplay-android-auto-med-dashcam-bakkamera\/"},"modified":"2023-06-23T19:44:50","modified_gmt":"2023-06-23T17:44:50","slug":"ampire-10-skaerm-appel-carplay-android-auto-med-dashcam-bakkamera","status":"publish","type":"product","link":"https:\/\/bilshopping.dk\/?product=ampire-10-skaerm-appel-carplay-android-auto-med-dashcam-bakkamera","title":{"rendered":"Ampire 10&#8243; sk\u00e6rm Appel Carplay \/ android auto med dashcam bakkamera"},"content":{"rendered":"<p>Produktid er <strong>3335<\/strong> og <strong>4260052640326<\/strong><\/p>\n<h2>Anmeldelse af Ampire 10&#8243; sk\u00e6rm Appel Carplay \/ android auto med dashcam bakkamera<\/h2>\n<p>Se om vi har en <a href=\"https:\/\/bilshopping.dk\/592\">anmeldelse af Ampire 10&#8243; sk\u00e6rm Appel Carplay \/ android auto med dashcam bakkamera<\/a>.<\/p>\n","protected":false},"excerpt":{"rendered":"<p>Kunne du godt t\u00e6nke dig Apple CarPlay eller Android Auto i bilen, uden at skulle udskifte din originale fabriksbilradio? S\u00e5 er Ampire CPM100 Smartphone-sk\u00e6rm det helt rigtige produkt.<br \/>\n\t10&#8243; touchscreen<br \/>\n\tApple CarPlay\u00c2\u00ae eller Android Auto<br \/>\n\tFuld HD-dashcam, Ampire 10&#8243; sk\u00e6rm Appel Carplay \/ android auto med dashcam bakkamera.<\/p>\n","protected":false},"featured_media":7775,"comment_status":"closed","ping_status":"open","template":"","meta":{"_kad_post_transparent":"","_kad_post_title":"","_kad_post_layout":"","_kad_post_sidebar_id":"","_kad_post_content_style":"","_kad_post_vertical_padding":"","_kad_post_feature":"","_kad_post_feature_position":"","_kad_post_header":false,"_kad_post_footer":false},"product_cat":[3162,3166],"product_tag":[3164,2988,3168],"brand":[],"class_list":{"0":"post-7774","1":"product","2":"type-product","3":"status-publish","4":"has-post-thumbnail","6":"product_cat-bilstereo","7":"product_cat-multimedie","8":"product_tag-bilstereo","9":"product_tag-los","10":"product_tag-multimedie","12":"first","13":"instock","14":"product-type-external","15":"entry","16":"content-bg","17":"loop-entry"},"_links":{"self":[{"href":"https:\/\/bilshopping.dk\/index.php?rest_route=\/wp\/v2\/product\/7774","targetHints":{"allow":["GET"]}}],"collection":[{"href":"https:\/\/bilshopping.dk\/index.php?rest_route=\/wp\/v2\/product"}],"about":[{"href":"https:\/\/bilshopping.dk\/index.php?rest_route=\/wp\/v2\/types\/product"}],"replies":[{"embeddable":true,"href":"https:\/\/bilshopping.dk\/index.php?rest_route=%2Fwp%2Fv2%2Fcomments&post=7774"}],"wp:featuredmedia":[{"embeddable":true,"href":"https:\/\/bilshopping.dk\/index.php?rest_route=\/wp\/v2\/media\/7775"}],"wp:attachment":[{"href":"https:\/\/bilshopping.dk\/index.php?rest_route=%2Fwp%2Fv2%2Fmedia&parent=7774"}],"wp:term":[{"taxonomy":"product_cat","embeddable":true,"href":"https:\/\/bilshopping.dk\/index.php?rest_route=%2Fwp%2Fv2%2Fproduct_cat&post=7774"},{"taxonomy":"product_tag","embeddable":true,"href":"https:\/\/bilshopping.dk\/index.php?rest_route=%2Fwp%2Fv2%2Fproduct_tag&post=7774"},{"taxonomy":"brand","embeddable":true,"href":"https:\/\/bilshopping.dk\/index.php?rest_route=%2Fwp%2Fv2%2Fbrand&post=7774"}],"curies":[{"name":"wp","href":"https:\/\/api.w.org\/{rel}","templated":true}]}}