{"id":7782,"date":"2023-06-23T19:44:39","date_gmt":"2023-06-23T17:44:39","guid":{"rendered":"https:\/\/bilshopping.dk\/produkt\/intramco-trailerstik-7-polet\/"},"modified":"2023-06-23T19:44:54","modified_gmt":"2023-06-23T17:44:54","slug":"intramco-trailerstik-7-polet","status":"publish","type":"product","link":"https:\/\/bilshopping.dk\/?product=intramco-trailerstik-7-polet","title":{"rendered":"Intramco Trailerstik 7 polet"},"content":{"rendered":"<p>Produktid er <strong>3340<\/strong> og <strong>8717568473918<\/strong><\/p>\n<h2>Anmeldelse af Intramco Trailerstik 7 polet<\/h2>\n<p>Se om vi har en <a href=\"https:\/\/bilshopping.dk\/592\">anmeldelse af Intramco Trailerstik 7 polet<\/a>.<\/p>\n","protected":false},"excerpt":{"rendered":"<p>7-polet stik til p\u00e5h\u00e6ngsk\u00f8ret\u00f8j.<br \/>\nMateriale: plastik, Intramco Trailerstik 7 polet.<\/p>\n","protected":false},"featured_media":7783,"comment_status":"closed","ping_status":"open","template":"","meta":{"_kad_post_transparent":"","_kad_post_title":"","_kad_post_layout":"","_kad_post_sidebar_id":"","_kad_post_content_style":"","_kad_post_vertical_padding":"","_kad_post_feature":"","_kad_post_feature_position":"","_kad_post_header":false,"_kad_post_footer":false},"product_cat":[3292,3299],"product_tag":[2988,3294,3209],"brand":[],"class_list":{"0":"post-7782","1":"product","2":"type-product","3":"status-publish","4":"has-post-thumbnail","6":"product_cat-outlet","7":"product_cat-udvendig-tilbehoer-outlet","8":"product_tag-los","9":"product_tag-outlet","10":"product_tag-udvendig-tilbehoer","12":"first","13":"instock","14":"sale","15":"product-type-external","16":"entry","17":"content-bg","18":"loop-entry"},"_links":{"self":[{"href":"https:\/\/bilshopping.dk\/index.php?rest_route=\/wp\/v2\/product\/7782","targetHints":{"allow":["GET"]}}],"collection":[{"href":"https:\/\/bilshopping.dk\/index.php?rest_route=\/wp\/v2\/product"}],"about":[{"href":"https:\/\/bilshopping.dk\/index.php?rest_route=\/wp\/v2\/types\/product"}],"replies":[{"embeddable":true,"href":"https:\/\/bilshopping.dk\/index.php?rest_route=%2Fwp%2Fv2%2Fcomments&post=7782"}],"wp:featuredmedia":[{"embeddable":true,"href":"https:\/\/bilshopping.dk\/index.php?rest_route=\/wp\/v2\/media\/7783"}],"wp:attachment":[{"href":"https:\/\/bilshopping.dk\/index.php?rest_route=%2Fwp%2Fv2%2Fmedia&parent=7782"}],"wp:term":[{"taxonomy":"product_cat","embeddable":true,"href":"https:\/\/bilshopping.dk\/index.php?rest_route=%2Fwp%2Fv2%2Fproduct_cat&post=7782"},{"taxonomy":"product_tag","embeddable":true,"href":"https:\/\/bilshopping.dk\/index.php?rest_route=%2Fwp%2Fv2%2Fproduct_tag&post=7782"},{"taxonomy":"brand","embeddable":true,"href":"https:\/\/bilshopping.dk\/index.php?rest_route=%2Fwp%2Fv2%2Fbrand&post=7782"}],"curies":[{"name":"wp","href":"https:\/\/api.w.org\/{rel}","templated":true}]}}