{"id":7788,"date":"2023-06-23T19:44:39","date_gmt":"2023-06-23T17:44:39","guid":{"rendered":"https:\/\/bilshopping.dk\/produkt\/motip-universallak-sort-mat-500-ml\/"},"modified":"2023-06-23T19:44:56","modified_gmt":"2023-06-23T17:44:56","slug":"motip-universallak-sort-mat-500-ml","status":"publish","type":"product","link":"https:\/\/bilshopping.dk\/?product=motip-universallak-sort-mat-500-ml","title":{"rendered":"Motip universallak Sort mat &#8211; 500 ml."},"content":{"rendered":"<p>Produktid er <strong>3343<\/strong> og <strong>8711347040063<\/strong><\/p>\n<h2>Anmeldelse af Motip universallak Sort mat &#8211; 500 ml.<\/h2>\n<p>Se om vi har en <a href=\"https:\/\/bilshopping.dk\/592\">anmeldelse af Motip universallak Sort mat &#8211; 500 ml.<\/a>.<\/p>\n","protected":false},"excerpt":{"rendered":"<p>Motip matsort er en hurtigt\u00f8rrende akryllak, med god d\u00e6kkeevne og fremragende vedh\u00e6ftning. Lakken giver en varig farve, og har en god overfladeh\u00e5rdhed.<br \/>\nMotip matsort kan bl.a. anvendes p\u00e5 alle typer af metal, og ved forudg\u00e5ende anvendelse af plastprimer o, Motip universallak Sort mat &#8211; 500 ml..<\/p>\n","protected":false},"featured_media":7789,"comment_status":"closed","ping_status":"open","template":"","meta":{"_kad_post_transparent":"","_kad_post_title":"","_kad_post_layout":"","_kad_post_sidebar_id":"","_kad_post_content_style":"","_kad_post_vertical_padding":"","_kad_post_feature":"","_kad_post_feature_position":"","_kad_post_header":false,"_kad_post_footer":false},"product_cat":[3127,3141],"product_tag":[2988,3129,3142],"brand":[],"class_list":{"0":"post-7788","1":"product","2":"type-product","3":"status-publish","4":"has-post-thumbnail","6":"product_cat-olie-kemi","7":"product_cat-spray","8":"product_tag-los","9":"product_tag-olie-kemi","10":"product_tag-spray","12":"first","13":"instock","14":"product-type-external","15":"entry","16":"content-bg","17":"loop-entry"},"_links":{"self":[{"href":"https:\/\/bilshopping.dk\/index.php?rest_route=\/wp\/v2\/product\/7788","targetHints":{"allow":["GET"]}}],"collection":[{"href":"https:\/\/bilshopping.dk\/index.php?rest_route=\/wp\/v2\/product"}],"about":[{"href":"https:\/\/bilshopping.dk\/index.php?rest_route=\/wp\/v2\/types\/product"}],"replies":[{"embeddable":true,"href":"https:\/\/bilshopping.dk\/index.php?rest_route=%2Fwp%2Fv2%2Fcomments&post=7788"}],"wp:featuredmedia":[{"embeddable":true,"href":"https:\/\/bilshopping.dk\/index.php?rest_route=\/wp\/v2\/media\/7789"}],"wp:attachment":[{"href":"https:\/\/bilshopping.dk\/index.php?rest_route=%2Fwp%2Fv2%2Fmedia&parent=7788"}],"wp:term":[{"taxonomy":"product_cat","embeddable":true,"href":"https:\/\/bilshopping.dk\/index.php?rest_route=%2Fwp%2Fv2%2Fproduct_cat&post=7788"},{"taxonomy":"product_tag","embeddable":true,"href":"https:\/\/bilshopping.dk\/index.php?rest_route=%2Fwp%2Fv2%2Fproduct_tag&post=7788"},{"taxonomy":"brand","embeddable":true,"href":"https:\/\/bilshopping.dk\/index.php?rest_route=%2Fwp%2Fv2%2Fbrand&post=7788"}],"curies":[{"name":"wp","href":"https:\/\/api.w.org\/{rel}","templated":true}]}}