{"id":7822,"date":"2023-06-23T19:45:00","date_gmt":"2023-06-23T17:45:00","guid":{"rendered":"https:\/\/bilshopping.dk\/produkt\/vikan-vaskeboerste-til-skaft-28-cm\/"},"modified":"2023-06-23T19:45:15","modified_gmt":"2023-06-23T17:45:15","slug":"vikan-vaskeboerste-til-skaft-28-cm","status":"publish","type":"product","link":"https:\/\/bilshopping.dk\/?product=vikan-vaskeboerste-til-skaft-28-cm","title":{"rendered":"Vikan Vaskeb\u00f8rste til skaft 28 cm"},"content":{"rendered":"<p>Produktid er <strong>3362<\/strong> og <strong>5705025247526<\/strong><\/p>\n<h2>Anmeldelse af Vikan Vaskeb\u00f8rste til skaft 28 cm<\/h2>\n<p>Se om vi har en <a href=\"https:\/\/bilshopping.dk\/592\">anmeldelse af Vikan Vaskeb\u00f8rste til skaft 28 cm<\/a>.<\/p>\n","protected":false},"excerpt":{"rendered":"<p>B\u00f8rstens vinklede facon sikrer effektiv reng\u00f8ring i alle h\u00f8jder, da filamenterne konstant er i kontakt med overfladen.<br \/>\nSpecifikationer:<br \/>\n\tGummikanten sikrer sk\u00e5nsom vask.<br \/>\n\tKan monteres p\u00e5 alle Vikan skafter., Vikan Vaskeb\u00f8rste til skaft 28 cm.<\/p>\n","protected":false},"featured_media":7823,"comment_status":"closed","ping_status":"open","template":"","meta":{"_kad_post_transparent":"","_kad_post_title":"","_kad_post_layout":"","_kad_post_sidebar_id":"","_kad_post_content_style":"","_kad_post_vertical_padding":"","_kad_post_feature":"","_kad_post_feature_position":"","_kad_post_header":false,"_kad_post_footer":false},"product_cat":[3145,3160],"product_tag":[3147,2988,3161],"brand":[],"class_list":{"0":"post-7822","1":"product","2":"type-product","3":"status-publish","4":"has-post-thumbnail","6":"product_cat-bilpleje","7":"product_cat-tilbehoer","8":"product_tag-bilpleje","9":"product_tag-los","10":"product_tag-tilbehoer","12":"first","13":"instock","14":"product-type-external","15":"entry","16":"content-bg","17":"loop-entry"},"_links":{"self":[{"href":"https:\/\/bilshopping.dk\/index.php?rest_route=\/wp\/v2\/product\/7822","targetHints":{"allow":["GET"]}}],"collection":[{"href":"https:\/\/bilshopping.dk\/index.php?rest_route=\/wp\/v2\/product"}],"about":[{"href":"https:\/\/bilshopping.dk\/index.php?rest_route=\/wp\/v2\/types\/product"}],"replies":[{"embeddable":true,"href":"https:\/\/bilshopping.dk\/index.php?rest_route=%2Fwp%2Fv2%2Fcomments&post=7822"}],"wp:featuredmedia":[{"embeddable":true,"href":"https:\/\/bilshopping.dk\/index.php?rest_route=\/wp\/v2\/media\/7823"}],"wp:attachment":[{"href":"https:\/\/bilshopping.dk\/index.php?rest_route=%2Fwp%2Fv2%2Fmedia&parent=7822"}],"wp:term":[{"taxonomy":"product_cat","embeddable":true,"href":"https:\/\/bilshopping.dk\/index.php?rest_route=%2Fwp%2Fv2%2Fproduct_cat&post=7822"},{"taxonomy":"product_tag","embeddable":true,"href":"https:\/\/bilshopping.dk\/index.php?rest_route=%2Fwp%2Fv2%2Fproduct_tag&post=7822"},{"taxonomy":"brand","embeddable":true,"href":"https:\/\/bilshopping.dk\/index.php?rest_route=%2Fwp%2Fv2%2Fbrand&post=7822"}],"curies":[{"name":"wp","href":"https:\/\/api.w.org\/{rel}","templated":true}]}}