{"id":7830,"date":"2023-06-23T19:45:00","date_gmt":"2023-06-23T17:45:00","guid":{"rendered":"https:\/\/bilshopping.dk\/produkt\/sicurit-laasebolte-12x15-40-mm-an140-konisk-60\/"},"modified":"2023-06-23T19:45:18","modified_gmt":"2023-06-23T17:45:18","slug":"sicurit-laasebolte-12x15-40-mm-an140-konisk-60","status":"publish","type":"product","link":"https:\/\/bilshopping.dk\/?product=sicurit-laasebolte-12x15-40-mm-an140-konisk-60","title":{"rendered":"Sicurit l\u00e5sebolte 12&#215;1,5 &#8211; 40 mm &#8211; AN140 konisk 60"},"content":{"rendered":"<p>Produktid er <strong>3366<\/strong> og <strong>8013045803071<\/strong><\/p>\n<h2>Anmeldelse af Sicurit l\u00e5sebolte 12&#215;1,5 &#8211; 40 mm &#8211; AN140 konisk 60<\/h2>\n<p>Se om vi har en <a href=\"https:\/\/bilshopping.dk\/592\">anmeldelse af Sicurit l\u00e5sebolte 12&#215;1,5 &#8211; 40 mm &#8211; AN140 konisk 60<\/a>.<\/p>\n","protected":false},"excerpt":{"rendered":"<p>L\u00e5sebolte og m\u00f8trikker produceret at italienske Farad som opfylder de h\u00f8jeste kvalitetskrav<br \/>\nDenne type l\u00e5ses\u00e6t bliver produceret med riller p\u00e5 langs af bolthovedet. Disse riller passer unikt ind i den medf\u00f8lgende l\u00e5setop<br \/>\nDette unikke system g\u00f8r at l\u00e5setop, Sicurit l\u00e5sebolte 12&#215;1,5 &#8211; 40 mm &#8211; AN140 konisk 60.<\/p>\n","protected":false},"featured_media":7831,"comment_status":"closed","ping_status":"open","template":"","meta":{"_kad_post_transparent":"","_kad_post_title":"","_kad_post_layout":"","_kad_post_sidebar_id":"","_kad_post_content_style":"","_kad_post_vertical_padding":"","_kad_post_feature":"","_kad_post_feature_position":"","_kad_post_header":false,"_kad_post_footer":false},"product_cat":[3334,3284],"product_tag":[2988,3335,3286],"brand":[],"class_list":{"0":"post-7830","1":"product","2":"type-product","3":"status-publish","4":"has-post-thumbnail","6":"product_cat-spacere-bolte","7":"product_cat-styling","8":"product_tag-los","9":"product_tag-spacere-bolte","10":"product_tag-styling","12":"first","13":"instock","14":"product-type-external","15":"entry","16":"content-bg","17":"loop-entry"},"_links":{"self":[{"href":"https:\/\/bilshopping.dk\/index.php?rest_route=\/wp\/v2\/product\/7830","targetHints":{"allow":["GET"]}}],"collection":[{"href":"https:\/\/bilshopping.dk\/index.php?rest_route=\/wp\/v2\/product"}],"about":[{"href":"https:\/\/bilshopping.dk\/index.php?rest_route=\/wp\/v2\/types\/product"}],"replies":[{"embeddable":true,"href":"https:\/\/bilshopping.dk\/index.php?rest_route=%2Fwp%2Fv2%2Fcomments&post=7830"}],"wp:featuredmedia":[{"embeddable":true,"href":"https:\/\/bilshopping.dk\/index.php?rest_route=\/wp\/v2\/media\/7831"}],"wp:attachment":[{"href":"https:\/\/bilshopping.dk\/index.php?rest_route=%2Fwp%2Fv2%2Fmedia&parent=7830"}],"wp:term":[{"taxonomy":"product_cat","embeddable":true,"href":"https:\/\/bilshopping.dk\/index.php?rest_route=%2Fwp%2Fv2%2Fproduct_cat&post=7830"},{"taxonomy":"product_tag","embeddable":true,"href":"https:\/\/bilshopping.dk\/index.php?rest_route=%2Fwp%2Fv2%2Fproduct_tag&post=7830"},{"taxonomy":"brand","embeddable":true,"href":"https:\/\/bilshopping.dk\/index.php?rest_route=%2Fwp%2Fv2%2Fbrand&post=7830"}],"curies":[{"name":"wp","href":"https:\/\/api.w.org\/{rel}","templated":true}]}}