{"id":7855,"date":"2023-06-23T19:45:19","date_gmt":"2023-06-23T17:45:19","guid":{"rendered":"https:\/\/bilshopping.dk\/produkt\/innotec-moulding-tape-25-mm\/"},"modified":"2023-06-23T19:45:46","modified_gmt":"2023-06-23T17:45:46","slug":"innotec-moulding-tape-25-mm","status":"publish","type":"product","link":"https:\/\/bilshopping.dk\/?product=innotec-moulding-tape-25-mm","title":{"rendered":"Innotec Moulding tape  25 mm"},"content":{"rendered":"<p>Produktid er <strong>3377-1707<\/strong> og <strong><\/strong><\/p>\n<h2>Anmeldelse af Innotec Moulding tape  25 mm<\/h2>\n<p>Se om vi har en <a href=\"https:\/\/bilshopping.dk\/592\">anmeldelse af Innotec Moulding tape  25 mm<\/a>.<\/p>\n","protected":false},"excerpt":{"rendered":"<p>Molding Tape er en dobbeltsidet tape lavet af gummi. Det specielle lag af lim p\u00e5 tapen er trykf\u00f8lsomt. Fordelen med dette er, at den del, der skal limes, let kan flyttes gang p\u00e5 gang uden at kl\u00e6be fast f\u00f8r den \u00f8nskede position er n\u00e5et. N\u00e5r delen er placer, Innotec Moulding tape  25 mm.<\/p>\n","protected":false},"featured_media":7853,"comment_status":"closed","ping_status":"open","template":"","meta":{"_kad_post_transparent":"","_kad_post_title":"","_kad_post_layout":"","_kad_post_sidebar_id":"","_kad_post_content_style":"","_kad_post_vertical_padding":"","_kad_post_feature":"","_kad_post_feature_position":"","_kad_post_header":false,"_kad_post_footer":false},"product_cat":[3243],"product_tag":[2988,3244],"brand":[],"class_list":{"0":"post-7855","1":"product","2":"type-product","3":"status-publish","4":"has-post-thumbnail","6":"product_cat-vaerktoej","7":"product_tag-los","8":"product_tag-vaerktoej","10":"first","11":"instock","12":"product-type-external","13":"entry","14":"content-bg","15":"loop-entry"},"_links":{"self":[{"href":"https:\/\/bilshopping.dk\/index.php?rest_route=\/wp\/v2\/product\/7855","targetHints":{"allow":["GET"]}}],"collection":[{"href":"https:\/\/bilshopping.dk\/index.php?rest_route=\/wp\/v2\/product"}],"about":[{"href":"https:\/\/bilshopping.dk\/index.php?rest_route=\/wp\/v2\/types\/product"}],"replies":[{"embeddable":true,"href":"https:\/\/bilshopping.dk\/index.php?rest_route=%2Fwp%2Fv2%2Fcomments&post=7855"}],"wp:featuredmedia":[{"embeddable":true,"href":"https:\/\/bilshopping.dk\/index.php?rest_route=\/wp\/v2\/media\/7853"}],"wp:attachment":[{"href":"https:\/\/bilshopping.dk\/index.php?rest_route=%2Fwp%2Fv2%2Fmedia&parent=7855"}],"wp:term":[{"taxonomy":"product_cat","embeddable":true,"href":"https:\/\/bilshopping.dk\/index.php?rest_route=%2Fwp%2Fv2%2Fproduct_cat&post=7855"},{"taxonomy":"product_tag","embeddable":true,"href":"https:\/\/bilshopping.dk\/index.php?rest_route=%2Fwp%2Fv2%2Fproduct_tag&post=7855"},{"taxonomy":"brand","embeddable":true,"href":"https:\/\/bilshopping.dk\/index.php?rest_route=%2Fwp%2Fv2%2Fbrand&post=7855"}],"curies":[{"name":"wp","href":"https:\/\/api.w.org\/{rel}","templated":true}]}}