{"id":7895,"date":"2023-06-23T19:45:54","date_gmt":"2023-06-23T17:45:54","guid":{"rendered":"https:\/\/bilshopping.dk\/produkt\/bosma-pandelampe-led-genopladelig\/"},"modified":"2023-06-23T19:46:07","modified_gmt":"2023-06-23T17:46:07","slug":"bosma-pandelampe-led-genopladelig","status":"publish","type":"product","link":"https:\/\/bilshopping.dk\/?product=bosma-pandelampe-led-genopladelig","title":{"rendered":"Bosma Pandelampe LED, genopladelig"},"content":{"rendered":"<p>Produktid er <strong>3399<\/strong> og <strong>5904353029815<\/strong><\/p>\n<h2>Anmeldelse af Bosma Pandelampe LED, genopladelig<\/h2>\n<p>Se om vi har en <a href=\"https:\/\/bilshopping.dk\/592\">anmeldelse af Bosma Pandelampe LED, genopladelig<\/a>.<\/p>\n","protected":false},"excerpt":{"rendered":"<p>Fremstillet af slidst\u00e6rkt materiale, nyttigt p\u00e5 v\u00e6rksteder,\u00c2\u00a0campingpladser og nattelige ekspetioiner.<br \/>\nDe justerbare stropper g\u00f8r, at lampen let kan anbringes p\u00e5 hovedet.<br \/>\nJusterbar vippevinkel g\u00f8r det muligt at pege i lyskeglen i den \u00f8nskede retning.\u00c2\u00a0<br \/>\nTe, Bosma Pandelampe LED, genopladelig.<\/p>\n","protected":false},"featured_media":7896,"comment_status":"closed","ping_status":"open","template":"","meta":{"_kad_post_transparent":"","_kad_post_title":"","_kad_post_layout":"","_kad_post_sidebar_id":"","_kad_post_content_style":"","_kad_post_vertical_padding":"","_kad_post_feature":"","_kad_post_feature_position":"","_kad_post_header":false,"_kad_post_footer":false},"product_cat":[3243],"product_tag":[2988,3244],"brand":[],"class_list":{"0":"post-7895","1":"product","2":"type-product","3":"status-publish","4":"has-post-thumbnail","6":"product_cat-vaerktoej","7":"product_tag-los","8":"product_tag-vaerktoej","10":"first","11":"instock","12":"product-type-external","13":"entry","14":"content-bg","15":"loop-entry"},"_links":{"self":[{"href":"https:\/\/bilshopping.dk\/index.php?rest_route=\/wp\/v2\/product\/7895","targetHints":{"allow":["GET"]}}],"collection":[{"href":"https:\/\/bilshopping.dk\/index.php?rest_route=\/wp\/v2\/product"}],"about":[{"href":"https:\/\/bilshopping.dk\/index.php?rest_route=\/wp\/v2\/types\/product"}],"replies":[{"embeddable":true,"href":"https:\/\/bilshopping.dk\/index.php?rest_route=%2Fwp%2Fv2%2Fcomments&post=7895"}],"wp:featuredmedia":[{"embeddable":true,"href":"https:\/\/bilshopping.dk\/index.php?rest_route=\/wp\/v2\/media\/7896"}],"wp:attachment":[{"href":"https:\/\/bilshopping.dk\/index.php?rest_route=%2Fwp%2Fv2%2Fmedia&parent=7895"}],"wp:term":[{"taxonomy":"product_cat","embeddable":true,"href":"https:\/\/bilshopping.dk\/index.php?rest_route=%2Fwp%2Fv2%2Fproduct_cat&post=7895"},{"taxonomy":"product_tag","embeddable":true,"href":"https:\/\/bilshopping.dk\/index.php?rest_route=%2Fwp%2Fv2%2Fproduct_tag&post=7895"},{"taxonomy":"brand","embeddable":true,"href":"https:\/\/bilshopping.dk\/index.php?rest_route=%2Fwp%2Fv2%2Fbrand&post=7895"}],"curies":[{"name":"wp","href":"https:\/\/api.w.org\/{rel}","templated":true}]}}