{"id":7930,"date":"2023-06-23T19:46:28","date_gmt":"2023-06-23T17:46:28","guid":{"rendered":"https:\/\/bilshopping.dk\/produkt\/p-skive-godkendt-i-tyskland-mm\/"},"modified":"2023-06-23T19:46:46","modified_gmt":"2023-06-23T17:46:46","slug":"p-skive-godkendt-i-tyskland-mm","status":"publish","type":"product","link":"https:\/\/bilshopping.dk\/?product=p-skive-godkendt-i-tyskland-mm","title":{"rendered":"P-Skive &#8211; Godkendt i Tyskland mm."},"content":{"rendered":"<p>Produktid er <strong>3418<\/strong> og <strong>8711252058351<\/strong><\/p>\n<h2>Anmeldelse af P-Skive &#8211; Godkendt i Tyskland mm.<\/h2>\n<p>Se om vi har en <a href=\"https:\/\/bilshopping.dk\/592\">anmeldelse af P-Skive &#8211; Godkendt i Tyskland mm.<\/a>.<\/p>\n","protected":false},"excerpt":{"rendered":"<p>Godkendt parkeringsskive til Tyskland mm.<br \/>\nPraktisk parkeringsskive i lomme, som er nem at l\u00e6gge op og tage ned fra forruden. P-skiven m\u00e5ler 15&#215;11 cm, og er bl\u00e5 med hvid skive med sorte tal.<br \/>\nSkal du til udlandet er det ikke alle steder at den danske P-skiv, P-Skive &#8211; Godkendt i Tyskland mm..<\/p>\n","protected":false},"featured_media":7931,"comment_status":"closed","ping_status":"open","template":"","meta":{"_kad_post_transparent":"","_kad_post_title":"","_kad_post_layout":"","_kad_post_sidebar_id":"","_kad_post_content_style":"","_kad_post_vertical_padding":"","_kad_post_feature":"","_kad_post_feature_position":"","_kad_post_header":false,"_kad_post_footer":false},"product_cat":[3211,3215],"product_tag":[3213,2988,3216],"brand":[],"class_list":{"0":"post-7930","1":"product","2":"type-product","3":"status-publish","4":"has-post-thumbnail","6":"product_cat-indvendig-tilbehoer","7":"product_cat-parkeringsure","8":"product_tag-indvendig-tilbehoer","9":"product_tag-los","10":"product_tag-parkeringsure","12":"first","13":"instock","14":"product-type-external","15":"entry","16":"content-bg","17":"loop-entry"},"_links":{"self":[{"href":"https:\/\/bilshopping.dk\/index.php?rest_route=\/wp\/v2\/product\/7930","targetHints":{"allow":["GET"]}}],"collection":[{"href":"https:\/\/bilshopping.dk\/index.php?rest_route=\/wp\/v2\/product"}],"about":[{"href":"https:\/\/bilshopping.dk\/index.php?rest_route=\/wp\/v2\/types\/product"}],"replies":[{"embeddable":true,"href":"https:\/\/bilshopping.dk\/index.php?rest_route=%2Fwp%2Fv2%2Fcomments&post=7930"}],"wp:featuredmedia":[{"embeddable":true,"href":"https:\/\/bilshopping.dk\/index.php?rest_route=\/wp\/v2\/media\/7931"}],"wp:attachment":[{"href":"https:\/\/bilshopping.dk\/index.php?rest_route=%2Fwp%2Fv2%2Fmedia&parent=7930"}],"wp:term":[{"taxonomy":"product_cat","embeddable":true,"href":"https:\/\/bilshopping.dk\/index.php?rest_route=%2Fwp%2Fv2%2Fproduct_cat&post=7930"},{"taxonomy":"product_tag","embeddable":true,"href":"https:\/\/bilshopping.dk\/index.php?rest_route=%2Fwp%2Fv2%2Fproduct_tag&post=7930"},{"taxonomy":"brand","embeddable":true,"href":"https:\/\/bilshopping.dk\/index.php?rest_route=%2Fwp%2Fv2%2Fbrand&post=7930"}],"curies":[{"name":"wp","href":"https:\/\/api.w.org\/{rel}","templated":true}]}}