{"id":7948,"date":"2023-06-23T19:46:57","date_gmt":"2023-06-23T17:46:57","guid":{"rendered":"https:\/\/bilshopping.dk\/produkt\/alpine-status-hdp-d90-14-kanal-forstaerker-dsp\/"},"modified":"2023-06-23T19:46:58","modified_gmt":"2023-06-23T17:46:58","slug":"alpine-status-hdp-d90-14-kanal-forstaerker-dsp","status":"publish","type":"product","link":"https:\/\/bilshopping.dk\/?product=alpine-status-hdp-d90-14-kanal-forstaerker-dsp","title":{"rendered":"Alpine Status  HDP-D90 14 Kanal Forst\u00e6rker, DSP"},"content":{"rendered":"<p>Produktid er <strong>3427<\/strong> og <strong>4958043905904<\/strong><\/p>\n<h2>Anmeldelse af Alpine Status  HDP-D90 14 Kanal Forst\u00e6rker, DSP<\/h2>\n<p>Se om vi har en <a href=\"https:\/\/bilshopping.dk\/592\">anmeldelse af Alpine Status  HDP-D90 14 Kanal Forst\u00e6rker, DSP<\/a>.<\/p>\n","protected":false},"excerpt":{"rendered":"<p>HDP-D90 DSP-forst\u00e6rkeren har en intern samplinghastighed p\u00e5 192kHz\/32Bit og en ultrabred lydb\u00e5ndbredde p\u00e5 10Hz-110kHz for at gengive lyd med dens tilsigtede h\u00f8jopl\u00f8sningsspecifikationer. Forst\u00e6rkeren har et kobberbelagt chassis, som bringer signal-til-st\u00f8, Alpine Status  HDP-D90 14 Kanal Forst\u00e6rker, DSP.<\/p>\n","protected":false},"featured_media":7949,"comment_status":"closed","ping_status":"open","template":"","meta":{"_kad_post_transparent":"","_kad_post_title":"","_kad_post_layout":"","_kad_post_sidebar_id":"","_kad_post_content_style":"","_kad_post_vertical_padding":"","_kad_post_feature":"","_kad_post_feature_position":"","_kad_post_header":false,"_kad_post_footer":false},"product_cat":[3162,3176],"product_tag":[3164,3177,2988],"brand":[],"class_list":{"0":"post-7948","1":"product","2":"type-product","3":"status-publish","4":"has-post-thumbnail","6":"product_cat-bilstereo","7":"product_cat-forstaerkere","8":"product_tag-bilstereo","9":"product_tag-forstaerkere","10":"product_tag-los","12":"first","13":"instock","14":"sale","15":"product-type-external","16":"entry","17":"content-bg","18":"loop-entry"},"_links":{"self":[{"href":"https:\/\/bilshopping.dk\/index.php?rest_route=\/wp\/v2\/product\/7948","targetHints":{"allow":["GET"]}}],"collection":[{"href":"https:\/\/bilshopping.dk\/index.php?rest_route=\/wp\/v2\/product"}],"about":[{"href":"https:\/\/bilshopping.dk\/index.php?rest_route=\/wp\/v2\/types\/product"}],"replies":[{"embeddable":true,"href":"https:\/\/bilshopping.dk\/index.php?rest_route=%2Fwp%2Fv2%2Fcomments&post=7948"}],"wp:featuredmedia":[{"embeddable":true,"href":"https:\/\/bilshopping.dk\/index.php?rest_route=\/wp\/v2\/media\/7949"}],"wp:attachment":[{"href":"https:\/\/bilshopping.dk\/index.php?rest_route=%2Fwp%2Fv2%2Fmedia&parent=7948"}],"wp:term":[{"taxonomy":"product_cat","embeddable":true,"href":"https:\/\/bilshopping.dk\/index.php?rest_route=%2Fwp%2Fv2%2Fproduct_cat&post=7948"},{"taxonomy":"product_tag","embeddable":true,"href":"https:\/\/bilshopping.dk\/index.php?rest_route=%2Fwp%2Fv2%2Fproduct_tag&post=7948"},{"taxonomy":"brand","embeddable":true,"href":"https:\/\/bilshopping.dk\/index.php?rest_route=%2Fwp%2Fv2%2Fbrand&post=7948"}],"curies":[{"name":"wp","href":"https:\/\/api.w.org\/{rel}","templated":true}]}}