{"id":7950,"date":"2023-06-23T19:46:57","date_gmt":"2023-06-23T17:46:57","guid":{"rendered":"https:\/\/bilshopping.dk\/produkt\/alpine-status-hds-990-head-unit\/"},"modified":"2023-06-23T19:47:00","modified_gmt":"2023-06-23T17:47:00","slug":"alpine-status-hds-990-head-unit","status":"publish","type":"product","link":"https:\/\/bilshopping.dk\/?product=alpine-status-hds-990-head-unit","title":{"rendered":"Alpine Status HDS-990 Head unit"},"content":{"rendered":"<p>Produktid er <strong>3428<\/strong> og <strong>4958043905898<\/strong><\/p>\n<h2>Anmeldelse af Alpine Status HDS-990 Head unit<\/h2>\n<p>Se om vi har en <a href=\"https:\/\/bilshopping.dk\/592\">anmeldelse af Alpine Status HDS-990 Head unit<\/a>.<\/p>\n","protected":false},"excerpt":{"rendered":"<p>HDS-990 Hi-Res Audio Media Player opn\u00e5r 192kHz \/24Bit afspilning via 3 kablede USB DAC-indgange eller tr\u00e5dl\u00f8s Bluetooth\u00c2\u00ae-forbindelse. Dette sikrer, at alle musikfiler i h\u00f8j opl\u00f8sning, der er gemt p\u00e5 en USB eller smartphone, bliver gengivet med den tilsig, Alpine Status HDS-990 Head unit.<\/p>\n","protected":false},"featured_media":7951,"comment_status":"closed","ping_status":"open","template":"","meta":{"_kad_post_transparent":"","_kad_post_title":"","_kad_post_layout":"","_kad_post_sidebar_id":"","_kad_post_content_style":"","_kad_post_vertical_padding":"","_kad_post_feature":"","_kad_post_feature_position":"","_kad_post_header":false,"_kad_post_footer":false},"product_cat":[3162,3166],"product_tag":[3164,2988,3168],"brand":[],"class_list":{"0":"post-7950","1":"product","2":"type-product","3":"status-publish","4":"has-post-thumbnail","6":"product_cat-bilstereo","7":"product_cat-multimedie","8":"product_tag-bilstereo","9":"product_tag-los","10":"product_tag-multimedie","12":"first","13":"instock","14":"sale","15":"product-type-external","16":"entry","17":"content-bg","18":"loop-entry"},"_links":{"self":[{"href":"https:\/\/bilshopping.dk\/index.php?rest_route=\/wp\/v2\/product\/7950","targetHints":{"allow":["GET"]}}],"collection":[{"href":"https:\/\/bilshopping.dk\/index.php?rest_route=\/wp\/v2\/product"}],"about":[{"href":"https:\/\/bilshopping.dk\/index.php?rest_route=\/wp\/v2\/types\/product"}],"replies":[{"embeddable":true,"href":"https:\/\/bilshopping.dk\/index.php?rest_route=%2Fwp%2Fv2%2Fcomments&post=7950"}],"wp:featuredmedia":[{"embeddable":true,"href":"https:\/\/bilshopping.dk\/index.php?rest_route=\/wp\/v2\/media\/7951"}],"wp:attachment":[{"href":"https:\/\/bilshopping.dk\/index.php?rest_route=%2Fwp%2Fv2%2Fmedia&parent=7950"}],"wp:term":[{"taxonomy":"product_cat","embeddable":true,"href":"https:\/\/bilshopping.dk\/index.php?rest_route=%2Fwp%2Fv2%2Fproduct_cat&post=7950"},{"taxonomy":"product_tag","embeddable":true,"href":"https:\/\/bilshopping.dk\/index.php?rest_route=%2Fwp%2Fv2%2Fproduct_tag&post=7950"},{"taxonomy":"brand","embeddable":true,"href":"https:\/\/bilshopping.dk\/index.php?rest_route=%2Fwp%2Fv2%2Fbrand&post=7950"}],"curies":[{"name":"wp","href":"https:\/\/api.w.org\/{rel}","templated":true}]}}