{"id":7954,"date":"2023-06-23T19:46:57","date_gmt":"2023-06-23T17:46:57","guid":{"rendered":"https:\/\/bilshopping.dk\/produkt\/alpine-status-hda-v90-5-kanals-forstaerker\/"},"modified":"2023-06-23T19:47:02","modified_gmt":"2023-06-23T17:47:02","slug":"alpine-status-hda-v90-5-kanals-forstaerker","status":"publish","type":"product","link":"https:\/\/bilshopping.dk\/?product=alpine-status-hda-v90-5-kanals-forstaerker","title":{"rendered":"Alpine Status HDA-V90 5 kanals Forst\u00e6rker"},"content":{"rendered":"<p>Produktid er <strong>3430<\/strong> og <strong>4958043905935<\/strong><\/p>\n<h2>Anmeldelse af Alpine Status HDA-V90 5 kanals Forst\u00e6rker<\/h2>\n<p>Se om vi har en <a href=\"https:\/\/bilshopping.dk\/592\">anmeldelse af Alpine Status HDA-V90 5 kanals Forst\u00e6rker<\/a>.<\/p>\n","protected":false},"excerpt":{"rendered":"<p>Alpine status HDA-V90 5 kanals forst\u00e6rker (4+1)<br \/>\nHvis du \u00f8nsker at bygge et komplet Alpine Status lydsystem med eksterne forst\u00e6rkere, anbefaler vi Alpine Status Class-D forst\u00e6rkerne. Disse forst\u00e6rkere er udviklet til perfekt at matche Alpine Status-h\u00f8jttal, Alpine Status HDA-V90 5 kanals Forst\u00e6rker.<\/p>\n","protected":false},"featured_media":7955,"comment_status":"closed","ping_status":"open","template":"","meta":{"_kad_post_transparent":"","_kad_post_title":"","_kad_post_layout":"","_kad_post_sidebar_id":"","_kad_post_content_style":"","_kad_post_vertical_padding":"","_kad_post_feature":"","_kad_post_feature_position":"","_kad_post_header":false,"_kad_post_footer":false},"product_cat":[3162,3176],"product_tag":[3164,3177,2988],"brand":[],"class_list":{"0":"post-7954","1":"product","2":"type-product","3":"status-publish","4":"has-post-thumbnail","6":"product_cat-bilstereo","7":"product_cat-forstaerkere","8":"product_tag-bilstereo","9":"product_tag-forstaerkere","10":"product_tag-los","12":"first","13":"instock","14":"sale","15":"product-type-external","16":"entry","17":"content-bg","18":"loop-entry"},"_links":{"self":[{"href":"https:\/\/bilshopping.dk\/index.php?rest_route=\/wp\/v2\/product\/7954","targetHints":{"allow":["GET"]}}],"collection":[{"href":"https:\/\/bilshopping.dk\/index.php?rest_route=\/wp\/v2\/product"}],"about":[{"href":"https:\/\/bilshopping.dk\/index.php?rest_route=\/wp\/v2\/types\/product"}],"replies":[{"embeddable":true,"href":"https:\/\/bilshopping.dk\/index.php?rest_route=%2Fwp%2Fv2%2Fcomments&post=7954"}],"wp:featuredmedia":[{"embeddable":true,"href":"https:\/\/bilshopping.dk\/index.php?rest_route=\/wp\/v2\/media\/7955"}],"wp:attachment":[{"href":"https:\/\/bilshopping.dk\/index.php?rest_route=%2Fwp%2Fv2%2Fmedia&parent=7954"}],"wp:term":[{"taxonomy":"product_cat","embeddable":true,"href":"https:\/\/bilshopping.dk\/index.php?rest_route=%2Fwp%2Fv2%2Fproduct_cat&post=7954"},{"taxonomy":"product_tag","embeddable":true,"href":"https:\/\/bilshopping.dk\/index.php?rest_route=%2Fwp%2Fv2%2Fproduct_tag&post=7954"},{"taxonomy":"brand","embeddable":true,"href":"https:\/\/bilshopping.dk\/index.php?rest_route=%2Fwp%2Fv2%2Fbrand&post=7954"}],"curies":[{"name":"wp","href":"https:\/\/api.w.org\/{rel}","templated":true}]}}