{"id":7967,"date":"2023-06-23T19:46:57","date_gmt":"2023-06-23T17:46:57","guid":{"rendered":"https:\/\/bilshopping.dk\/produkt\/alpine-hce-cs1100-hdr-sidekamera\/"},"modified":"2023-06-23T19:47:07","modified_gmt":"2023-06-23T17:47:07","slug":"alpine-hce-cs1100-hdr-sidekamera","status":"publish","type":"product","link":"https:\/\/bilshopping.dk\/?product=alpine-hce-cs1100-hdr-sidekamera","title":{"rendered":"Alpine HCE-CS1100 HDR sidekamera"},"content":{"rendered":"<p>Produktid er <strong>3437<\/strong> og <strong>4958043888627<\/strong><\/p>\n<h2>Anmeldelse af Alpine HCE-CS1100 HDR sidekamera<\/h2>\n<p>Se om vi har en <a href=\"https:\/\/bilshopping.dk\/592\">anmeldelse af Alpine HCE-CS1100 HDR sidekamera<\/a>.<\/p>\n","protected":false},"excerpt":{"rendered":"<p>HCE-CS1100 er et HDR (High Dynamic Range) Side View kamera til alpine enheder med direkte kameraindgang eller RCA-forbindelse. Du kan dermed se hvad der foreg\u00e5r langs siden p\u00e5 dit k\u00f8ret\u00f8j.<br \/>\nTilslut op til 3 kameraer for maksimal sikkerhed. Et sidevisningsk, Alpine HCE-CS1100 HDR sidekamera.<\/p>\n","protected":false},"featured_media":7968,"comment_status":"closed","ping_status":"open","template":"","meta":{"_kad_post_transparent":"","_kad_post_title":"","_kad_post_layout":"","_kad_post_sidebar_id":"","_kad_post_content_style":"","_kad_post_vertical_padding":"","_kad_post_feature":"","_kad_post_feature_position":"","_kad_post_header":false,"_kad_post_footer":false},"product_cat":[3247,3162],"product_tag":[3248,3164,2988],"brand":[],"class_list":{"0":"post-7967","1":"product","2":"type-product","3":"status-publish","4":"has-post-thumbnail","6":"product_cat-bakkamera","7":"product_cat-bilstereo","8":"product_tag-bakkamera","9":"product_tag-bilstereo","10":"product_tag-los","12":"first","13":"instock","14":"sale","15":"product-type-external","16":"entry","17":"content-bg","18":"loop-entry"},"_links":{"self":[{"href":"https:\/\/bilshopping.dk\/index.php?rest_route=\/wp\/v2\/product\/7967","targetHints":{"allow":["GET"]}}],"collection":[{"href":"https:\/\/bilshopping.dk\/index.php?rest_route=\/wp\/v2\/product"}],"about":[{"href":"https:\/\/bilshopping.dk\/index.php?rest_route=\/wp\/v2\/types\/product"}],"replies":[{"embeddable":true,"href":"https:\/\/bilshopping.dk\/index.php?rest_route=%2Fwp%2Fv2%2Fcomments&post=7967"}],"wp:featuredmedia":[{"embeddable":true,"href":"https:\/\/bilshopping.dk\/index.php?rest_route=\/wp\/v2\/media\/7968"}],"wp:attachment":[{"href":"https:\/\/bilshopping.dk\/index.php?rest_route=%2Fwp%2Fv2%2Fmedia&parent=7967"}],"wp:term":[{"taxonomy":"product_cat","embeddable":true,"href":"https:\/\/bilshopping.dk\/index.php?rest_route=%2Fwp%2Fv2%2Fproduct_cat&post=7967"},{"taxonomy":"product_tag","embeddable":true,"href":"https:\/\/bilshopping.dk\/index.php?rest_route=%2Fwp%2Fv2%2Fproduct_tag&post=7967"},{"taxonomy":"brand","embeddable":true,"href":"https:\/\/bilshopping.dk\/index.php?rest_route=%2Fwp%2Fv2%2Fbrand&post=7967"}],"curies":[{"name":"wp","href":"https:\/\/api.w.org\/{rel}","templated":true}]}}