{"id":7979,"date":"2023-06-23T19:46:57","date_gmt":"2023-06-23T17:46:57","guid":{"rendered":"https:\/\/bilshopping.dk\/produkt\/alpine-halo11-ilxf115du-bundle-til-vw-t6\/"},"modified":"2023-06-23T19:47:13","modified_gmt":"2023-06-23T17:47:13","slug":"alpine-halo11-ilxf115du-bundle-til-vw-t6","status":"publish","type":"product","link":"https:\/\/bilshopping.dk\/?product=alpine-halo11-ilxf115du-bundle-til-vw-t6","title":{"rendered":"Alpine HALO11 ILXF115DU Bundle til VW T6"},"content":{"rendered":"<p>Produktid er <strong>3443<\/strong> og <strong>4958043505036<\/strong><\/p>\n<h2>Anmeldelse af Alpine HALO11 ILXF115DU Bundle til VW T6<\/h2>\n<p>Se om vi har en <a href=\"https:\/\/bilshopping.dk\/592\">anmeldelse af Alpine HALO11 ILXF115DU Bundle til VW T6<\/a>.<\/p>\n","protected":false},"excerpt":{"rendered":"<p>Alpine Halo 11 iLX-F115T6 giver dig en 11-tommers WXGA h\u00f8jopl\u00f8selig ber\u00f8ringssk\u00e6rm, som kan monteres i Volkswagen T5 (7H\/E\/J) model\u00e5r 09\/2009 &#8211; 06\/2015 og T6 (7H\/E\/J) model\u00e5r 07\/2016 &#8211; 09\/2019. Denne model er MAX version af den kendte Alpine Halo 9, med e, Alpine HALO11 ILXF115DU Bundle til VW T6.<\/p>\n","protected":false},"featured_media":7980,"comment_status":"closed","ping_status":"open","template":"","meta":{"_kad_post_transparent":"","_kad_post_title":"","_kad_post_layout":"","_kad_post_sidebar_id":"","_kad_post_content_style":"","_kad_post_vertical_padding":"","_kad_post_feature":"","_kad_post_feature_position":"","_kad_post_header":false,"_kad_post_footer":false},"product_cat":[3162,3166],"product_tag":[3164,2988,3168],"brand":[],"class_list":{"0":"post-7979","1":"product","2":"type-product","3":"status-publish","4":"has-post-thumbnail","6":"product_cat-bilstereo","7":"product_cat-multimedie","8":"product_tag-bilstereo","9":"product_tag-los","10":"product_tag-multimedie","12":"first","13":"instock","14":"sale","15":"product-type-external","16":"entry","17":"content-bg","18":"loop-entry"},"_links":{"self":[{"href":"https:\/\/bilshopping.dk\/index.php?rest_route=\/wp\/v2\/product\/7979","targetHints":{"allow":["GET"]}}],"collection":[{"href":"https:\/\/bilshopping.dk\/index.php?rest_route=\/wp\/v2\/product"}],"about":[{"href":"https:\/\/bilshopping.dk\/index.php?rest_route=\/wp\/v2\/types\/product"}],"replies":[{"embeddable":true,"href":"https:\/\/bilshopping.dk\/index.php?rest_route=%2Fwp%2Fv2%2Fcomments&post=7979"}],"wp:featuredmedia":[{"embeddable":true,"href":"https:\/\/bilshopping.dk\/index.php?rest_route=\/wp\/v2\/media\/7980"}],"wp:attachment":[{"href":"https:\/\/bilshopping.dk\/index.php?rest_route=%2Fwp%2Fv2%2Fmedia&parent=7979"}],"wp:term":[{"taxonomy":"product_cat","embeddable":true,"href":"https:\/\/bilshopping.dk\/index.php?rest_route=%2Fwp%2Fv2%2Fproduct_cat&post=7979"},{"taxonomy":"product_tag","embeddable":true,"href":"https:\/\/bilshopping.dk\/index.php?rest_route=%2Fwp%2Fv2%2Fproduct_tag&post=7979"},{"taxonomy":"brand","embeddable":true,"href":"https:\/\/bilshopping.dk\/index.php?rest_route=%2Fwp%2Fv2%2Fbrand&post=7979"}],"curies":[{"name":"wp","href":"https:\/\/api.w.org\/{rel}","templated":true}]}}