{"id":7981,"date":"2023-06-23T19:46:57","date_gmt":"2023-06-23T17:46:57","guid":{"rendered":"https:\/\/bilshopping.dk\/produkt\/alpine-ilx-f905du-halo9-bundle-til-fiat-ducato-3\/"},"modified":"2023-06-23T19:47:14","modified_gmt":"2023-06-23T17:47:14","slug":"alpine-ilx-f905du-halo9-bundle-til-fiat-ducato-3","status":"publish","type":"product","link":"https:\/\/bilshopping.dk\/?product=alpine-ilx-f905du-halo9-bundle-til-fiat-ducato-3","title":{"rendered":"Alpine ILX-F905DU HALO9 Bundle til Fiat Ducato 3"},"content":{"rendered":"<p>Produktid er <strong>3444<\/strong> og <strong>4958043505135<\/strong><\/p>\n<h2>Anmeldelse af Alpine ILX-F905DU HALO9 Bundle til Fiat Ducato 3<\/h2>\n<p>Se om vi har en <a href=\"https:\/\/bilshopping.dk\/592\">anmeldelse af Alpine ILX-F905DU HALO9 Bundle til Fiat Ducato 3<\/a>.<\/p>\n","protected":false},"excerpt":{"rendered":"<p>Alpine iLX-F905DU 9-tommer multimedieenhed til Fiat Ducato 3, Peugeot Boxer 2, Citro\u00c3\u00abn Jumper 2 og Opel Movano 3<br \/>\niLX-F905DUAlpine Halo9 2. generation giver dig en 9-tommers WXGA h\u00f8jopl\u00f8selig ber\u00f8ringssk\u00e6rm til Fiat Ducato 3, Peugeot Boxer 2, Citro\u00c3\u00abn Jum, Alpine ILX-F905DU HALO9 Bundle til Fiat Ducato 3.<\/p>\n","protected":false},"featured_media":7982,"comment_status":"closed","ping_status":"open","template":"","meta":{"_kad_post_transparent":"","_kad_post_title":"","_kad_post_layout":"","_kad_post_sidebar_id":"","_kad_post_content_style":"","_kad_post_vertical_padding":"","_kad_post_feature":"","_kad_post_feature_position":"","_kad_post_header":false,"_kad_post_footer":false},"product_cat":[3162,3166],"product_tag":[3164,2988,3168],"brand":[],"class_list":{"0":"post-7981","1":"product","2":"type-product","3":"status-publish","4":"has-post-thumbnail","6":"product_cat-bilstereo","7":"product_cat-multimedie","8":"product_tag-bilstereo","9":"product_tag-los","10":"product_tag-multimedie","12":"first","13":"instock","14":"sale","15":"product-type-external","16":"entry","17":"content-bg","18":"loop-entry"},"_links":{"self":[{"href":"https:\/\/bilshopping.dk\/index.php?rest_route=\/wp\/v2\/product\/7981","targetHints":{"allow":["GET"]}}],"collection":[{"href":"https:\/\/bilshopping.dk\/index.php?rest_route=\/wp\/v2\/product"}],"about":[{"href":"https:\/\/bilshopping.dk\/index.php?rest_route=\/wp\/v2\/types\/product"}],"replies":[{"embeddable":true,"href":"https:\/\/bilshopping.dk\/index.php?rest_route=%2Fwp%2Fv2%2Fcomments&post=7981"}],"wp:featuredmedia":[{"embeddable":true,"href":"https:\/\/bilshopping.dk\/index.php?rest_route=\/wp\/v2\/media\/7982"}],"wp:attachment":[{"href":"https:\/\/bilshopping.dk\/index.php?rest_route=%2Fwp%2Fv2%2Fmedia&parent=7981"}],"wp:term":[{"taxonomy":"product_cat","embeddable":true,"href":"https:\/\/bilshopping.dk\/index.php?rest_route=%2Fwp%2Fv2%2Fproduct_cat&post=7981"},{"taxonomy":"product_tag","embeddable":true,"href":"https:\/\/bilshopping.dk\/index.php?rest_route=%2Fwp%2Fv2%2Fproduct_tag&post=7981"},{"taxonomy":"brand","embeddable":true,"href":"https:\/\/bilshopping.dk\/index.php?rest_route=%2Fwp%2Fv2%2Fbrand&post=7981"}],"curies":[{"name":"wp","href":"https:\/\/api.w.org\/{rel}","templated":true}]}}