{"id":7993,"date":"2023-06-23T19:47:16","date_gmt":"2023-06-23T17:47:16","guid":{"rendered":"https:\/\/bilshopping.dk\/produkt\/h8-h11-led-modstande-12v-2-stk\/"},"modified":"2023-06-23T19:47:19","modified_gmt":"2023-06-23T17:47:19","slug":"h8-h11-led-modstande-12v-2-stk","status":"publish","type":"product","link":"https:\/\/bilshopping.dk\/?product=h8-h11-led-modstande-12v-2-stk","title":{"rendered":"H8\/H11 LED Modstande 12V &#8211; 2 stk."},"content":{"rendered":"<p>Produktid er <strong>3448<\/strong> og <strong><\/strong><\/p>\n<h2>Anmeldelse af H8\/H11 LED Modstande 12V &#8211; 2 stk.<\/h2>\n<p>Se om vi har en <a href=\"https:\/\/bilshopping.dk\/592\">anmeldelse af H8\/H11 LED Modstande 12V &#8211; 2 stk.<\/a>.<\/p>\n","protected":false},"excerpt":{"rendered":"<p>Snydemodstande med H8 \/ H11 stik. Bruges til LED konverteringer, hvor den s\u00e6ttes ind imellem H8 \/ H11 p\u00e6ren og bilens H8 \/ H11 stik.<br \/>\nModstanden \u00f8ger forbruget p\u00e5 p\u00e6ren s\u00e5 bilens p\u00e6rekontrol ikke fejlmelder.<br \/>\nModstandene bliver meget varme, og skal monteres, H8\/H11 LED Modstande 12V &#8211; 2 stk..<\/p>\n","protected":false},"featured_media":7994,"comment_status":"closed","ping_status":"open","template":"","meta":{"_kad_post_transparent":"","_kad_post_title":"","_kad_post_layout":"","_kad_post_sidebar_id":"","_kad_post_content_style":"","_kad_post_vertical_padding":"","_kad_post_feature":"","_kad_post_feature_position":"","_kad_post_header":false,"_kad_post_footer":false},"product_cat":[3208,3207],"product_tag":[2988,3210,3209],"brand":[],"class_list":{"0":"post-7993","1":"product","2":"type-product","3":"status-publish","4":"has-post-thumbnail","6":"product_cat-paerer","7":"product_cat-udvendig-tilbehoer","8":"product_tag-los","9":"product_tag-paerer","10":"product_tag-udvendig-tilbehoer","12":"first","13":"instock","14":"product-type-external","15":"entry","16":"content-bg","17":"loop-entry"},"_links":{"self":[{"href":"https:\/\/bilshopping.dk\/index.php?rest_route=\/wp\/v2\/product\/7993","targetHints":{"allow":["GET"]}}],"collection":[{"href":"https:\/\/bilshopping.dk\/index.php?rest_route=\/wp\/v2\/product"}],"about":[{"href":"https:\/\/bilshopping.dk\/index.php?rest_route=\/wp\/v2\/types\/product"}],"replies":[{"embeddable":true,"href":"https:\/\/bilshopping.dk\/index.php?rest_route=%2Fwp%2Fv2%2Fcomments&post=7993"}],"wp:featuredmedia":[{"embeddable":true,"href":"https:\/\/bilshopping.dk\/index.php?rest_route=\/wp\/v2\/media\/7994"}],"wp:attachment":[{"href":"https:\/\/bilshopping.dk\/index.php?rest_route=%2Fwp%2Fv2%2Fmedia&parent=7993"}],"wp:term":[{"taxonomy":"product_cat","embeddable":true,"href":"https:\/\/bilshopping.dk\/index.php?rest_route=%2Fwp%2Fv2%2Fproduct_cat&post=7993"},{"taxonomy":"product_tag","embeddable":true,"href":"https:\/\/bilshopping.dk\/index.php?rest_route=%2Fwp%2Fv2%2Fproduct_tag&post=7993"},{"taxonomy":"brand","embeddable":true,"href":"https:\/\/bilshopping.dk\/index.php?rest_route=%2Fwp%2Fv2%2Fbrand&post=7993"}],"curies":[{"name":"wp","href":"https:\/\/api.w.org\/{rel}","templated":true}]}}