{"id":8017,"date":"2023-06-23T19:47:16","date_gmt":"2023-06-23T17:47:16","guid":{"rendered":"https:\/\/bilshopping.dk\/produkt\/audison-apbx8as-aktiv-8-subwoofer-250-watt\/"},"modified":"2023-06-23T19:47:30","modified_gmt":"2023-06-23T17:47:30","slug":"audison-apbx8as-aktiv-8-subwoofer-250-watt","status":"publish","type":"product","link":"https:\/\/bilshopping.dk\/?product=audison-apbx8as-aktiv-8-subwoofer-250-watt","title":{"rendered":"Audison APBX8AS aktiv 8&#8243; Subwoofer 250 watt"},"content":{"rendered":"<p>Produktid er <strong>3460<\/strong> og <strong>8018823132855<\/strong><\/p>\n<h2>Anmeldelse af Audison APBX8AS aktiv 8&#8243; Subwoofer 250 watt<\/h2>\n<p>Se om vi har en <a href=\"https:\/\/bilshopping.dk\/592\">anmeldelse af Audison APBX8AS aktiv 8&#8243; Subwoofer 250 watt<\/a>.<\/p>\n","protected":false},"excerpt":{"rendered":"<p>Denne APBX8AS har et forst\u00e6rkermodul med en udgangseffekt p\u00e5 ikke mindre end 250watt RMS, der er udviklet med he li-teknologi (high efficiency \/ low impedance), som takket v\u00e6re den nye dual-coil sp\u00e6ndingsforst\u00e6rker n\u00e5r imponerende 90% effektivitets niveau, Audison APBX8AS aktiv 8&#8243; Subwoofer 250 watt.<\/p>\n","protected":false},"featured_media":8018,"comment_status":"closed","ping_status":"open","template":"","meta":{"_kad_post_transparent":"","_kad_post_title":"","_kad_post_layout":"","_kad_post_sidebar_id":"","_kad_post_content_style":"","_kad_post_vertical_padding":"","_kad_post_feature":"","_kad_post_feature_position":"","_kad_post_header":false,"_kad_post_footer":false},"product_cat":[3162,3178],"product_tag":[3164,2988,3179],"brand":[],"class_list":{"0":"post-8017","1":"product","2":"type-product","3":"status-publish","4":"has-post-thumbnail","6":"product_cat-bilstereo","7":"product_cat-subwoofere","8":"product_tag-bilstereo","9":"product_tag-los","10":"product_tag-subwoofere","12":"first","13":"instock","14":"product-type-external","15":"entry","16":"content-bg","17":"loop-entry"},"_links":{"self":[{"href":"https:\/\/bilshopping.dk\/index.php?rest_route=\/wp\/v2\/product\/8017","targetHints":{"allow":["GET"]}}],"collection":[{"href":"https:\/\/bilshopping.dk\/index.php?rest_route=\/wp\/v2\/product"}],"about":[{"href":"https:\/\/bilshopping.dk\/index.php?rest_route=\/wp\/v2\/types\/product"}],"replies":[{"embeddable":true,"href":"https:\/\/bilshopping.dk\/index.php?rest_route=%2Fwp%2Fv2%2Fcomments&post=8017"}],"wp:featuredmedia":[{"embeddable":true,"href":"https:\/\/bilshopping.dk\/index.php?rest_route=\/wp\/v2\/media\/8018"}],"wp:attachment":[{"href":"https:\/\/bilshopping.dk\/index.php?rest_route=%2Fwp%2Fv2%2Fmedia&parent=8017"}],"wp:term":[{"taxonomy":"product_cat","embeddable":true,"href":"https:\/\/bilshopping.dk\/index.php?rest_route=%2Fwp%2Fv2%2Fproduct_cat&post=8017"},{"taxonomy":"product_tag","embeddable":true,"href":"https:\/\/bilshopping.dk\/index.php?rest_route=%2Fwp%2Fv2%2Fproduct_tag&post=8017"},{"taxonomy":"brand","embeddable":true,"href":"https:\/\/bilshopping.dk\/index.php?rest_route=%2Fwp%2Fv2%2Fbrand&post=8017"}],"curies":[{"name":"wp","href":"https:\/\/api.w.org\/{rel}","templated":true}]}}