{"id":8019,"date":"2023-06-23T19:47:16","date_gmt":"2023-06-23T17:47:16","guid":{"rendered":"https:\/\/bilshopping.dk\/produkt\/connects2-ratinterface-ctski012-2-kia-div-2016\/"},"modified":"2023-06-23T19:47:31","modified_gmt":"2023-06-23T17:47:31","slug":"connects2-ratinterface-ctski012-2-kia-div-2016","status":"publish","type":"product","link":"https:\/\/bilshopping.dk\/?product=connects2-ratinterface-ctski012-2-kia-div-2016","title":{"rendered":"Connects2 Ratinterface CTSKI012.2 Kia div. 2016-"},"content":{"rendered":"<p>Produktid er <strong>3461<\/strong> og <strong>5056171504446<\/strong><\/p>\n<h2>Anmeldelse af Connects2 Ratinterface CTSKI012.2 Kia div. 2016-<\/h2>\n<p>Se om vi har en <a href=\"https:\/\/bilshopping.dk\/592\">anmeldelse af Connects2 Ratinterface CTSKI012.2 Kia div. 2016-<\/a>.<\/p>\n","protected":false},"excerpt":{"rendered":"<p>Connects2 ratbetjeningsinterface til KIA biler, arbejder sammen med enheder der underst\u00f8tter telefonknapper s\u00e5som: Alpine, Clarion, Kenwood, Pioneer og Zenec. Via Bluetooth kan du besvare og afbryde telefonopkald (dette kr\u00e6ve at den tilsluttede bilradio u, Connects2 Ratinterface CTSKI012.2 Kia div. 2016-.<\/p>\n","protected":false},"featured_media":8020,"comment_status":"closed","ping_status":"open","template":"","meta":{"_kad_post_transparent":"","_kad_post_title":"","_kad_post_layout":"","_kad_post_sidebar_id":"","_kad_post_content_style":"","_kad_post_vertical_padding":"","_kad_post_feature":"","_kad_post_feature_position":"","_kad_post_header":false,"_kad_post_footer":false},"product_cat":[3162,3172],"product_tag":[3164,2988,3173],"brand":[],"class_list":{"0":"post-8019","1":"product","2":"type-product","3":"status-publish","4":"has-post-thumbnail","6":"product_cat-bilstereo","7":"product_cat-ratstyring","8":"product_tag-bilstereo","9":"product_tag-los","10":"product_tag-ratstyring","12":"first","13":"instock","14":"product-type-external","15":"entry","16":"content-bg","17":"loop-entry"},"_links":{"self":[{"href":"https:\/\/bilshopping.dk\/index.php?rest_route=\/wp\/v2\/product\/8019","targetHints":{"allow":["GET"]}}],"collection":[{"href":"https:\/\/bilshopping.dk\/index.php?rest_route=\/wp\/v2\/product"}],"about":[{"href":"https:\/\/bilshopping.dk\/index.php?rest_route=\/wp\/v2\/types\/product"}],"replies":[{"embeddable":true,"href":"https:\/\/bilshopping.dk\/index.php?rest_route=%2Fwp%2Fv2%2Fcomments&post=8019"}],"wp:featuredmedia":[{"embeddable":true,"href":"https:\/\/bilshopping.dk\/index.php?rest_route=\/wp\/v2\/media\/8020"}],"wp:attachment":[{"href":"https:\/\/bilshopping.dk\/index.php?rest_route=%2Fwp%2Fv2%2Fmedia&parent=8019"}],"wp:term":[{"taxonomy":"product_cat","embeddable":true,"href":"https:\/\/bilshopping.dk\/index.php?rest_route=%2Fwp%2Fv2%2Fproduct_cat&post=8019"},{"taxonomy":"product_tag","embeddable":true,"href":"https:\/\/bilshopping.dk\/index.php?rest_route=%2Fwp%2Fv2%2Fproduct_tag&post=8019"},{"taxonomy":"brand","embeddable":true,"href":"https:\/\/bilshopping.dk\/index.php?rest_route=%2Fwp%2Fv2%2Fbrand&post=8019"}],"curies":[{"name":"wp","href":"https:\/\/api.w.org\/{rel}","templated":true}]}}