{"id":8035,"date":"2023-06-23T19:47:35","date_gmt":"2023-06-23T17:47:35","guid":{"rendered":"https:\/\/bilshopping.dk\/produkt\/jom-instrument-boostmaaler-oldschool-hvid-urskive-blaa-lys\/"},"modified":"2023-06-23T19:47:41","modified_gmt":"2023-06-23T17:47:41","slug":"jom-instrument-boostmaaler-oldschool-hvid-urskive-blaa-lys","status":"publish","type":"product","link":"https:\/\/bilshopping.dk\/?product=jom-instrument-boostmaaler-oldschool-hvid-urskive-blaa-lys","title":{"rendered":"JOM instrument boostm\u00e5ler OldSchool, hvid urskive, bl\u00e5 lys"},"content":{"rendered":"<p>Produktid er <strong>3470<\/strong> og <strong>4048961012584<\/strong><\/p>\n<h2>Anmeldelse af JOM instrument boostm\u00e5ler OldSchool, hvid urskive, bl\u00e5 lys<\/h2>\n<p>Se om vi har en <a href=\"https:\/\/bilshopping.dk\/592\">anmeldelse af JOM instrument boostm\u00e5ler OldSchool, hvid urskive, bl\u00e5 lys<\/a>.<\/p>\n","protected":false},"excerpt":{"rendered":"<p>Indbygget ekstra instrument, indbygget dimension \u00d8 52mm (2), hvid urskive med turkisgr\u00f8nne lysende skalering, r\u00f8d viser og s\u00f8lvring.<br \/>\n\thvid urskive, klassisk udformning<br \/>\n\tbl\u00e5, ekstremt klar LED-belysning<br \/>\n\tinkl. T-adapter, slange og monteringss\u00e6t<br \/>\n\t\u00d8 52 mm, 2, JOM instrument boostm\u00e5ler OldSchool, hvid urskive, bl\u00e5 lys.<\/p>\n","protected":false},"featured_media":8036,"comment_status":"closed","ping_status":"open","template":"","meta":{"_kad_post_transparent":"","_kad_post_title":"","_kad_post_layout":"","_kad_post_sidebar_id":"","_kad_post_content_style":"","_kad_post_vertical_padding":"","_kad_post_feature":"","_kad_post_feature_position":"","_kad_post_header":false,"_kad_post_footer":false},"product_cat":[3211,3367],"product_tag":[3213,3368,2988],"brand":[],"class_list":{"0":"post-8035","1":"product","2":"type-product","3":"status-publish","4":"has-post-thumbnail","6":"product_cat-indvendig-tilbehoer","7":"product_cat-instrumenter-og-maalere","8":"product_tag-indvendig-tilbehoer","9":"product_tag-instrumenter-og-maalere","10":"product_tag-los","12":"first","13":"instock","14":"product-type-external","15":"entry","16":"content-bg","17":"loop-entry"},"_links":{"self":[{"href":"https:\/\/bilshopping.dk\/index.php?rest_route=\/wp\/v2\/product\/8035","targetHints":{"allow":["GET"]}}],"collection":[{"href":"https:\/\/bilshopping.dk\/index.php?rest_route=\/wp\/v2\/product"}],"about":[{"href":"https:\/\/bilshopping.dk\/index.php?rest_route=\/wp\/v2\/types\/product"}],"replies":[{"embeddable":true,"href":"https:\/\/bilshopping.dk\/index.php?rest_route=%2Fwp%2Fv2%2Fcomments&post=8035"}],"wp:featuredmedia":[{"embeddable":true,"href":"https:\/\/bilshopping.dk\/index.php?rest_route=\/wp\/v2\/media\/8036"}],"wp:attachment":[{"href":"https:\/\/bilshopping.dk\/index.php?rest_route=%2Fwp%2Fv2%2Fmedia&parent=8035"}],"wp:term":[{"taxonomy":"product_cat","embeddable":true,"href":"https:\/\/bilshopping.dk\/index.php?rest_route=%2Fwp%2Fv2%2Fproduct_cat&post=8035"},{"taxonomy":"product_tag","embeddable":true,"href":"https:\/\/bilshopping.dk\/index.php?rest_route=%2Fwp%2Fv2%2Fproduct_tag&post=8035"},{"taxonomy":"brand","embeddable":true,"href":"https:\/\/bilshopping.dk\/index.php?rest_route=%2Fwp%2Fv2%2Fbrand&post=8035"}],"curies":[{"name":"wp","href":"https:\/\/api.w.org\/{rel}","templated":true}]}}