{"id":8037,"date":"2023-06-23T19:47:35","date_gmt":"2023-06-23T17:47:35","guid":{"rendered":"https:\/\/bilshopping.dk\/produkt\/qi-traadloes-oplader-til-vw-golf-7-lhd-10-w\/"},"modified":"2023-06-23T19:48:02","modified_gmt":"2023-06-23T17:48:02","slug":"qi-traadloes-oplader-til-vw-golf-7-lhd-10-w","status":"publish","type":"product","link":"https:\/\/bilshopping.dk\/?product=qi-traadloes-oplader-til-vw-golf-7-lhd-10-w","title":{"rendered":"QI Tr\u00e5dl\u00f8s oplader til VW Golf 7, LHD 10 w"},"content":{"rendered":"<p>Produktid er <strong>3471<\/strong> og <strong>4026724099997<\/strong><\/p>\n<h2>Anmeldelse af QI Tr\u00e5dl\u00f8s oplader til VW Golf 7, LHD 10 w<\/h2>\n<p>Se om vi har en <a href=\"https:\/\/bilshopping.dk\/592\">anmeldelse af QI Tr\u00e5dl\u00f8s oplader til VW Golf 7, LHD 10 w<\/a>.<\/p>\n","protected":false},"excerpt":{"rendered":"<p>Hylde\/indsats til tr\u00e5dl\u00f8s opladning i VW Golf 7<br \/>\nDenne 10 watt INBAY-hylde\/indsats, underst\u00f8tter tr\u00e5dl\u00f8s opladning af smartphones. INBAY-produkter g\u00f8r brug af Qi standard, som er en verdensomsp\u00e6ndende standard til tr\u00e5dl\u00f8s opladning. Af denne grund er alle, QI Tr\u00e5dl\u00f8s oplader til VW Golf 7, LHD 10 w.<\/p>\n","protected":false},"featured_media":8038,"comment_status":"closed","ping_status":"open","template":"","meta":{"_kad_post_transparent":"","_kad_post_title":"","_kad_post_layout":"","_kad_post_sidebar_id":"","_kad_post_content_style":"","_kad_post_vertical_padding":"","_kad_post_feature":"","_kad_post_feature_position":"","_kad_post_header":false,"_kad_post_footer":false},"product_cat":[3211,3264],"product_tag":[3213,2988,3265],"brand":[],"class_list":{"0":"post-8037","1":"product","2":"type-product","3":"status-publish","4":"has-post-thumbnail","6":"product_cat-indvendig-tilbehoer","7":"product_cat-mobil-tilbehoer","8":"product_tag-indvendig-tilbehoer","9":"product_tag-los","10":"product_tag-mobil-tilbehoer","12":"first","13":"instock","14":"product-type-external","15":"entry","16":"content-bg","17":"loop-entry"},"_links":{"self":[{"href":"https:\/\/bilshopping.dk\/index.php?rest_route=\/wp\/v2\/product\/8037","targetHints":{"allow":["GET"]}}],"collection":[{"href":"https:\/\/bilshopping.dk\/index.php?rest_route=\/wp\/v2\/product"}],"about":[{"href":"https:\/\/bilshopping.dk\/index.php?rest_route=\/wp\/v2\/types\/product"}],"replies":[{"embeddable":true,"href":"https:\/\/bilshopping.dk\/index.php?rest_route=%2Fwp%2Fv2%2Fcomments&post=8037"}],"wp:featuredmedia":[{"embeddable":true,"href":"https:\/\/bilshopping.dk\/index.php?rest_route=\/wp\/v2\/media\/8038"}],"wp:attachment":[{"href":"https:\/\/bilshopping.dk\/index.php?rest_route=%2Fwp%2Fv2%2Fmedia&parent=8037"}],"wp:term":[{"taxonomy":"product_cat","embeddable":true,"href":"https:\/\/bilshopping.dk\/index.php?rest_route=%2Fwp%2Fv2%2Fproduct_cat&post=8037"},{"taxonomy":"product_tag","embeddable":true,"href":"https:\/\/bilshopping.dk\/index.php?rest_route=%2Fwp%2Fv2%2Fproduct_tag&post=8037"},{"taxonomy":"brand","embeddable":true,"href":"https:\/\/bilshopping.dk\/index.php?rest_route=%2Fwp%2Fv2%2Fbrand&post=8037"}],"curies":[{"name":"wp","href":"https:\/\/api.w.org\/{rel}","templated":true}]}}