{"id":8061,"date":"2023-06-23T19:48:14","date_gmt":"2023-06-23T17:48:14","guid":{"rendered":"https:\/\/bilshopping.dk\/produkt\/alpine-interface-til-fiat-ducato-citroen-jumper-og-peugeot-boxer\/"},"modified":"2023-06-23T19:48:15","modified_gmt":"2023-06-23T17:48:15","slug":"alpine-interface-til-fiat-ducato-citroen-jumper-og-peugeot-boxer","status":"publish","type":"product","link":"https:\/\/bilshopping.dk\/?product=alpine-interface-til-fiat-ducato-citroen-jumper-og-peugeot-boxer","title":{"rendered":"Alpine interface til Fiat Ducato, Citroen Jumper og Peugeot Boxer"},"content":{"rendered":"<p>Produktid er <strong>3485<\/strong> og <strong>5709255202768<\/strong><\/p>\n<h2>Anmeldelse af Alpine interface til Fiat Ducato, Citroen Jumper og Peugeot Boxer<\/h2>\n<p>Se om vi har en <a href=\"https:\/\/bilshopping.dk\/592\">anmeldelse af Alpine interface til Fiat Ducato, Citroen Jumper og Peugeot Boxer<\/a>.<\/p>\n","protected":false},"excerpt":{"rendered":"<p>9&#8243; Interface til rat betjening til Fiat Ducato, Citroen Jumper og Peugeot Boxer<br \/>\nS\u00e6ttet kr\u00e6ves for at kunne installere X903D-DU\u00c2\u00a0i k\u00f8ret\u00f8jer med 2 DIN originalt VP2-radiosystem, b\u00e5de med eller uden navigationssystem.<br \/>\nS\u00e6ttet inkluderer original Fiat Ducato, Alpine interface til Fiat Ducato, Citroen Jumper og Peugeot Boxer.<\/p>\n","protected":false},"featured_media":8062,"comment_status":"closed","ping_status":"open","template":"","meta":{"_kad_post_transparent":"","_kad_post_title":"","_kad_post_layout":"","_kad_post_sidebar_id":"","_kad_post_content_style":"","_kad_post_vertical_padding":"","_kad_post_feature":"","_kad_post_feature_position":"","_kad_post_header":false,"_kad_post_footer":false},"product_cat":[3162,3172],"product_tag":[3164,2988,3173],"brand":[],"class_list":{"0":"post-8061","1":"product","2":"type-product","3":"status-publish","4":"has-post-thumbnail","6":"product_cat-bilstereo","7":"product_cat-ratstyring","8":"product_tag-bilstereo","9":"product_tag-los","10":"product_tag-ratstyring","12":"first","13":"instock","14":"product-type-external","15":"entry","16":"content-bg","17":"loop-entry"},"_links":{"self":[{"href":"https:\/\/bilshopping.dk\/index.php?rest_route=\/wp\/v2\/product\/8061","targetHints":{"allow":["GET"]}}],"collection":[{"href":"https:\/\/bilshopping.dk\/index.php?rest_route=\/wp\/v2\/product"}],"about":[{"href":"https:\/\/bilshopping.dk\/index.php?rest_route=\/wp\/v2\/types\/product"}],"replies":[{"embeddable":true,"href":"https:\/\/bilshopping.dk\/index.php?rest_route=%2Fwp%2Fv2%2Fcomments&post=8061"}],"wp:featuredmedia":[{"embeddable":true,"href":"https:\/\/bilshopping.dk\/index.php?rest_route=\/wp\/v2\/media\/8062"}],"wp:attachment":[{"href":"https:\/\/bilshopping.dk\/index.php?rest_route=%2Fwp%2Fv2%2Fmedia&parent=8061"}],"wp:term":[{"taxonomy":"product_cat","embeddable":true,"href":"https:\/\/bilshopping.dk\/index.php?rest_route=%2Fwp%2Fv2%2Fproduct_cat&post=8061"},{"taxonomy":"product_tag","embeddable":true,"href":"https:\/\/bilshopping.dk\/index.php?rest_route=%2Fwp%2Fv2%2Fproduct_tag&post=8061"},{"taxonomy":"brand","embeddable":true,"href":"https:\/\/bilshopping.dk\/index.php?rest_route=%2Fwp%2Fv2%2Fbrand&post=8061"}],"curies":[{"name":"wp","href":"https:\/\/api.w.org\/{rel}","templated":true}]}}