{"id":8069,"date":"2023-06-23T19:48:14","date_gmt":"2023-06-23T17:48:14","guid":{"rendered":"https:\/\/bilshopping.dk\/produkt\/velour-maatter-til-suzuki-swift-2010-12-2016\/"},"modified":"2023-06-23T19:48:29","modified_gmt":"2023-06-23T17:48:29","slug":"velour-maatter-til-suzuki-swift-2010-12-2016","status":"publish","type":"product","link":"https:\/\/bilshopping.dk\/?product=velour-maatter-til-suzuki-swift-2010-12-2016","title":{"rendered":"Velour m\u00e5tter til Suzuki Swift 2010-12.2016"},"content":{"rendered":"<p>Produktid er <strong>3489<\/strong> og <strong>5709255053223<\/strong><\/p>\n<h2>Anmeldelse af Velour m\u00e5tter til Suzuki Swift 2010-12.2016<\/h2>\n<p>Se om vi har en <a href=\"https:\/\/bilshopping.dk\/592\">anmeldelse af Velour m\u00e5tter til Suzuki Swift 2010-12.2016<\/a>.<\/p>\n","protected":false},"excerpt":{"rendered":"<p>Floorline bundm\u00e5tter &#8211; 1. klasses velourm\u00e5tte i bedste kvalitet.<br \/>\nEr de originale bundm\u00e5tter ved at v\u00e6re godt slidte, er FloorLine m\u00e5tter det helt rigtige valg som v\u00e6rdig afl\u00f8ser.<br \/>\nSpecifikationer:<br \/>\n\tPerfekt pasform, skr\u00e6ddersyet til hver enkelt bilmodel &#8211; o, Velour m\u00e5tter til Suzuki Swift 2010-12.2016.<\/p>\n","protected":false},"featured_media":8070,"comment_status":"closed","ping_status":"open","template":"","meta":{"_kad_post_transparent":"","_kad_post_title":"","_kad_post_layout":"","_kad_post_sidebar_id":"","_kad_post_content_style":"","_kad_post_vertical_padding":"","_kad_post_feature":"","_kad_post_feature_position":"","_kad_post_header":false,"_kad_post_footer":false},"product_cat":[3363,3211],"product_tag":[3364,3213,2988],"brand":[],"class_list":{"0":"post-8069","1":"product","2":"type-product","3":"status-publish","4":"has-post-thumbnail","6":"product_cat-bilmaatter","7":"product_cat-indvendig-tilbehoer","8":"product_tag-bilmaatter","9":"product_tag-indvendig-tilbehoer","10":"product_tag-los","12":"first","13":"instock","14":"product-type-external","15":"entry","16":"content-bg","17":"loop-entry"},"_links":{"self":[{"href":"https:\/\/bilshopping.dk\/index.php?rest_route=\/wp\/v2\/product\/8069","targetHints":{"allow":["GET"]}}],"collection":[{"href":"https:\/\/bilshopping.dk\/index.php?rest_route=\/wp\/v2\/product"}],"about":[{"href":"https:\/\/bilshopping.dk\/index.php?rest_route=\/wp\/v2\/types\/product"}],"replies":[{"embeddable":true,"href":"https:\/\/bilshopping.dk\/index.php?rest_route=%2Fwp%2Fv2%2Fcomments&post=8069"}],"wp:featuredmedia":[{"embeddable":true,"href":"https:\/\/bilshopping.dk\/index.php?rest_route=\/wp\/v2\/media\/8070"}],"wp:attachment":[{"href":"https:\/\/bilshopping.dk\/index.php?rest_route=%2Fwp%2Fv2%2Fmedia&parent=8069"}],"wp:term":[{"taxonomy":"product_cat","embeddable":true,"href":"https:\/\/bilshopping.dk\/index.php?rest_route=%2Fwp%2Fv2%2Fproduct_cat&post=8069"},{"taxonomy":"product_tag","embeddable":true,"href":"https:\/\/bilshopping.dk\/index.php?rest_route=%2Fwp%2Fv2%2Fproduct_tag&post=8069"},{"taxonomy":"brand","embeddable":true,"href":"https:\/\/bilshopping.dk\/index.php?rest_route=%2Fwp%2Fv2%2Fbrand&post=8069"}],"curies":[{"name":"wp","href":"https:\/\/api.w.org\/{rel}","templated":true}]}}