{"id":8089,"date":"2023-06-23T19:48:14","date_gmt":"2023-06-23T17:48:14","guid":{"rendered":"https:\/\/bilshopping.dk\/produkt\/silent-coat-sound-absorber-35-mm-1-ark\/"},"modified":"2023-06-23T19:48:36","modified_gmt":"2023-06-23T17:48:36","slug":"silent-coat-sound-absorber-35-mm-1-ark","status":"publish","type":"product","link":"https:\/\/bilshopping.dk\/?product=silent-coat-sound-absorber-35-mm-1-ark","title":{"rendered":"SILENT COAT Sound absorber 35 mm, 1 ark"},"content":{"rendered":"<p>Produktid er <strong>3500<\/strong> og <strong>4751011240638<\/strong><\/p>\n<h2>Anmeldelse af SILENT COAT Sound absorber 35 mm, 1 ark<\/h2>\n<p>Se om vi har en <a href=\"https:\/\/bilshopping.dk\/592\">anmeldelse af SILENT COAT Sound absorber 35 mm, 1 ark<\/a>.<\/p>\n","protected":false},"excerpt":{"rendered":"<p>Silent Coat Sound Absorber er beregnet til at undertrykke luftb\u00e5ren st\u00f8j. Kan bruges bag p\u00e5 d\u00f8rsider og i hulrum.<br \/>\nKan kombineres med andre Silent Coat produkter, for endnu bedre d\u00e6mpning!!<br \/>\nLeveres i pakke med 1 plader a 0,3 m\u00c2\u00b2<br \/>\n\tPladest\u00f8rrelse 50x60cm<br \/>\n\u00c2\u00a0, SILENT COAT Sound absorber 35 mm, 1 ark.<\/p>\n","protected":false},"featured_media":8090,"comment_status":"closed","ping_status":"open","template":"","meta":{"_kad_post_transparent":"","_kad_post_title":"","_kad_post_layout":"","_kad_post_sidebar_id":"","_kad_post_content_style":"","_kad_post_vertical_padding":"","_kad_post_feature":"","_kad_post_feature_position":"","_kad_post_header":false,"_kad_post_footer":false},"product_cat":[3162,3182],"product_tag":[3164,2988,3183],"brand":[],"class_list":{"0":"post-8089","1":"product","2":"type-product","3":"status-publish","4":"has-post-thumbnail","6":"product_cat-bilstereo","7":"product_cat-monteringsdele","8":"product_tag-bilstereo","9":"product_tag-los","10":"product_tag-monteringsdele","12":"first","13":"instock","14":"product-type-external","15":"entry","16":"content-bg","17":"loop-entry"},"_links":{"self":[{"href":"https:\/\/bilshopping.dk\/index.php?rest_route=\/wp\/v2\/product\/8089","targetHints":{"allow":["GET"]}}],"collection":[{"href":"https:\/\/bilshopping.dk\/index.php?rest_route=\/wp\/v2\/product"}],"about":[{"href":"https:\/\/bilshopping.dk\/index.php?rest_route=\/wp\/v2\/types\/product"}],"replies":[{"embeddable":true,"href":"https:\/\/bilshopping.dk\/index.php?rest_route=%2Fwp%2Fv2%2Fcomments&post=8089"}],"wp:featuredmedia":[{"embeddable":true,"href":"https:\/\/bilshopping.dk\/index.php?rest_route=\/wp\/v2\/media\/8090"}],"wp:attachment":[{"href":"https:\/\/bilshopping.dk\/index.php?rest_route=%2Fwp%2Fv2%2Fmedia&parent=8089"}],"wp:term":[{"taxonomy":"product_cat","embeddable":true,"href":"https:\/\/bilshopping.dk\/index.php?rest_route=%2Fwp%2Fv2%2Fproduct_cat&post=8089"},{"taxonomy":"product_tag","embeddable":true,"href":"https:\/\/bilshopping.dk\/index.php?rest_route=%2Fwp%2Fv2%2Fproduct_tag&post=8089"},{"taxonomy":"brand","embeddable":true,"href":"https:\/\/bilshopping.dk\/index.php?rest_route=%2Fwp%2Fv2%2Fbrand&post=8089"}],"curies":[{"name":"wp","href":"https:\/\/api.w.org\/{rel}","templated":true}]}}