{"id":8091,"date":"2023-06-23T19:48:14","date_gmt":"2023-06-23T17:48:14","guid":{"rendered":"https:\/\/bilshopping.dk\/produkt\/skumrings-kit-til-165mm-65-hoejttalere\/"},"modified":"2023-06-23T19:48:39","modified_gmt":"2023-06-23T17:48:39","slug":"skumrings-kit-til-165mm-65-hoejttalere","status":"publish","type":"product","link":"https:\/\/bilshopping.dk\/?product=skumrings-kit-til-165mm-65-hoejttalere","title":{"rendered":"Skumrings Kit Til 165mm\/6,5&#8243; H\u00f8jttalere"},"content":{"rendered":"<p>Produktid er <strong>3501<\/strong> og <strong>4026724337952<\/strong><\/p>\n<h2>Anmeldelse af Skumrings Kit Til 165mm\/6,5&#8243; H\u00f8jttalere<\/h2>\n<p>Se om vi har en <a href=\"https:\/\/bilshopping.dk\/592\">anmeldelse af Skumrings Kit Til 165mm\/6,5&#8243; H\u00f8jttalere<\/a>.<\/p>\n","protected":false},"excerpt":{"rendered":"<p>Selvkl\u00e6bende skumringe til at t\u00e6tne og lede lyd mellem h\u00f8jttalerne og panelet.<br \/>\nDette forhindrer lydrefleksioner i d\u00f8ren til d\u00f8rbekl\u00e6dningen og optimerer lyden.<br \/>\n\u00c2\u00a0<br \/>\nDet meget bl\u00f8de skum tilpasser sig enhver uj\u00e6vnhed i trimdelene.<br \/>\nBem\u00e6rk: Reng\u00f8r kontaktflade, Skumrings Kit Til 165mm\/6,5&#8243; H\u00f8jttalere.<\/p>\n","protected":false},"featured_media":8092,"comment_status":"closed","ping_status":"open","template":"","meta":{"_kad_post_transparent":"","_kad_post_title":"","_kad_post_layout":"","_kad_post_sidebar_id":"","_kad_post_content_style":"","_kad_post_vertical_padding":"","_kad_post_feature":"","_kad_post_feature_position":"","_kad_post_header":false,"_kad_post_footer":false},"product_cat":[3162,3182],"product_tag":[3164,2988,3183],"brand":[],"class_list":{"0":"post-8091","1":"product","2":"type-product","3":"status-publish","4":"has-post-thumbnail","6":"product_cat-bilstereo","7":"product_cat-monteringsdele","8":"product_tag-bilstereo","9":"product_tag-los","10":"product_tag-monteringsdele","12":"first","13":"instock","14":"product-type-external","15":"entry","16":"content-bg","17":"loop-entry"},"_links":{"self":[{"href":"https:\/\/bilshopping.dk\/index.php?rest_route=\/wp\/v2\/product\/8091","targetHints":{"allow":["GET"]}}],"collection":[{"href":"https:\/\/bilshopping.dk\/index.php?rest_route=\/wp\/v2\/product"}],"about":[{"href":"https:\/\/bilshopping.dk\/index.php?rest_route=\/wp\/v2\/types\/product"}],"replies":[{"embeddable":true,"href":"https:\/\/bilshopping.dk\/index.php?rest_route=%2Fwp%2Fv2%2Fcomments&post=8091"}],"wp:featuredmedia":[{"embeddable":true,"href":"https:\/\/bilshopping.dk\/index.php?rest_route=\/wp\/v2\/media\/8092"}],"wp:attachment":[{"href":"https:\/\/bilshopping.dk\/index.php?rest_route=%2Fwp%2Fv2%2Fmedia&parent=8091"}],"wp:term":[{"taxonomy":"product_cat","embeddable":true,"href":"https:\/\/bilshopping.dk\/index.php?rest_route=%2Fwp%2Fv2%2Fproduct_cat&post=8091"},{"taxonomy":"product_tag","embeddable":true,"href":"https:\/\/bilshopping.dk\/index.php?rest_route=%2Fwp%2Fv2%2Fproduct_tag&post=8091"},{"taxonomy":"brand","embeddable":true,"href":"https:\/\/bilshopping.dk\/index.php?rest_route=%2Fwp%2Fv2%2Fbrand&post=8091"}],"curies":[{"name":"wp","href":"https:\/\/api.w.org\/{rel}","templated":true}]}}