{"id":8093,"date":"2023-06-23T19:48:14","date_gmt":"2023-06-23T17:48:14","guid":{"rendered":"https:\/\/bilshopping.dk\/produkt\/calearo-shark-3-antenne-fm-am-dab-dab-gps-wifi\/"},"modified":"2023-06-23T19:48:46","modified_gmt":"2023-06-23T17:48:46","slug":"calearo-shark-3-antenne-fm-am-dab-dab-gps-wifi","status":"publish","type":"product","link":"https:\/\/bilshopping.dk\/?product=calearo-shark-3-antenne-fm-am-dab-dab-gps-wifi","title":{"rendered":"Calearo SHARK 3 antenne, FM\/AM\/DAB\/DAB+\/GPS\/WIFI"},"content":{"rendered":"<p>Produktid er <strong>3502<\/strong> og <strong><\/strong><\/p>\n<h2>Anmeldelse af Calearo SHARK 3 antenne, FM\/AM\/DAB\/DAB+\/GPS\/WIFI<\/h2>\n<p>Se om vi har en <a href=\"https:\/\/bilshopping.dk\/592\">anmeldelse af Calearo SHARK 3 antenne, FM\/AM\/DAB\/DAB+\/GPS\/WIFI<\/a>.<\/p>\n","protected":false},"excerpt":{"rendered":"<p>Multifunktions hajfinne antenne i bedste kvalitet<br \/>\nDu kan stole trygt p\u00e5 denne generation 3 hajfinne antenne fra Calearo. Calearo er nemlig Europas st\u00f8rste producent indenfor hajfinne antenner til bilerr. Calearo har siden \u00e5r 2000 produceret hajfinne autoa, Calearo SHARK 3 antenne, FM\/AM\/DAB\/DAB+\/GPS\/WIFI.<\/p>\n","protected":false},"featured_media":8094,"comment_status":"closed","ping_status":"open","template":"","meta":{"_kad_post_transparent":"","_kad_post_title":"","_kad_post_layout":"","_kad_post_sidebar_id":"","_kad_post_content_style":"","_kad_post_vertical_padding":"","_kad_post_feature":"","_kad_post_feature_position":"","_kad_post_header":false,"_kad_post_footer":false},"product_cat":[3227,3162],"product_tag":[3228,3164,2988],"brand":[],"class_list":{"0":"post-8093","1":"product","2":"type-product","3":"status-publish","4":"has-post-thumbnail","6":"product_cat-antenner","7":"product_cat-bilstereo","8":"product_tag-antenner","9":"product_tag-bilstereo","10":"product_tag-los","12":"first","13":"instock","14":"product-type-external","15":"entry","16":"content-bg","17":"loop-entry"},"_links":{"self":[{"href":"https:\/\/bilshopping.dk\/index.php?rest_route=\/wp\/v2\/product\/8093","targetHints":{"allow":["GET"]}}],"collection":[{"href":"https:\/\/bilshopping.dk\/index.php?rest_route=\/wp\/v2\/product"}],"about":[{"href":"https:\/\/bilshopping.dk\/index.php?rest_route=\/wp\/v2\/types\/product"}],"replies":[{"embeddable":true,"href":"https:\/\/bilshopping.dk\/index.php?rest_route=%2Fwp%2Fv2%2Fcomments&post=8093"}],"wp:featuredmedia":[{"embeddable":true,"href":"https:\/\/bilshopping.dk\/index.php?rest_route=\/wp\/v2\/media\/8094"}],"wp:attachment":[{"href":"https:\/\/bilshopping.dk\/index.php?rest_route=%2Fwp%2Fv2%2Fmedia&parent=8093"}],"wp:term":[{"taxonomy":"product_cat","embeddable":true,"href":"https:\/\/bilshopping.dk\/index.php?rest_route=%2Fwp%2Fv2%2Fproduct_cat&post=8093"},{"taxonomy":"product_tag","embeddable":true,"href":"https:\/\/bilshopping.dk\/index.php?rest_route=%2Fwp%2Fv2%2Fproduct_tag&post=8093"},{"taxonomy":"brand","embeddable":true,"href":"https:\/\/bilshopping.dk\/index.php?rest_route=%2Fwp%2Fv2%2Fbrand&post=8093"}],"curies":[{"name":"wp","href":"https:\/\/api.w.org\/{rel}","templated":true}]}}