{"id":8099,"date":"2023-06-23T19:48:50","date_gmt":"2023-06-23T17:48:50","guid":{"rendered":"https:\/\/bilshopping.dk\/produkt\/thule-kit-186035-til-opel\/"},"modified":"2023-06-23T19:48:51","modified_gmt":"2023-06-23T17:48:51","slug":"thule-kit-186035-til-opel","status":"publish","type":"product","link":"https:\/\/bilshopping.dk\/?product=thule-kit-186035-til-opel","title":{"rendered":"Thule Kit 186035 til Opel"},"content":{"rendered":"<p>Produktid er <strong>3505<\/strong> og <strong>7313020090160<\/strong><\/p>\n<h2>Anmeldelse af Thule Kit 186035 til Opel<\/h2>\n<p>Se om vi har en <a href=\"https:\/\/bilshopping.dk\/592\">anmeldelse af Thule Kit 186035 til Opel<\/a>.<\/p>\n","protected":false},"excerpt":{"rendered":"<p>Tilpasningss\u00e6t til montering af Thule-tagb\u00f8jler til k\u00f8ret\u00f8jer med nedf\u00e6ldede r\u00e6linger.<br \/>\nPasser til:<br \/>\nOPEL<br \/>\n\tZafira 5-dr MPV med nedf\u00e6ldede r\u00e6linger 2005 &#8211; 2011<br \/>\n\tAstra 5-dr Estate med nedf\u00e6ldede r\u00e6linger 2007 &#8211; 2010<br \/>\n\tZafira 5-dr MPV (Family) med nedf\u00e6ldede r\u00e6, Thule Kit 186035 til Opel.<\/p>\n","protected":false},"featured_media":8100,"comment_status":"closed","ping_status":"open","template":"","meta":{"_kad_post_transparent":"","_kad_post_title":"","_kad_post_layout":"","_kad_post_sidebar_id":"","_kad_post_content_style":"","_kad_post_vertical_padding":"","_kad_post_feature":"","_kad_post_feature_position":"","_kad_post_header":false,"_kad_post_footer":false},"product_cat":[3239,3184],"product_tag":[2988,3240,3186],"brand":[],"class_list":{"0":"post-8099","1":"product","2":"type-product","3":"status-publish","4":"has-post-thumbnail","6":"product_cat-tagboejler","7":"product_cat-transportudstyr","8":"product_tag-los","9":"product_tag-tagboejler","10":"product_tag-transportudstyr","12":"first","13":"instock","14":"product-type-external","15":"entry","16":"content-bg","17":"loop-entry"},"_links":{"self":[{"href":"https:\/\/bilshopping.dk\/index.php?rest_route=\/wp\/v2\/product\/8099","targetHints":{"allow":["GET"]}}],"collection":[{"href":"https:\/\/bilshopping.dk\/index.php?rest_route=\/wp\/v2\/product"}],"about":[{"href":"https:\/\/bilshopping.dk\/index.php?rest_route=\/wp\/v2\/types\/product"}],"replies":[{"embeddable":true,"href":"https:\/\/bilshopping.dk\/index.php?rest_route=%2Fwp%2Fv2%2Fcomments&post=8099"}],"wp:featuredmedia":[{"embeddable":true,"href":"https:\/\/bilshopping.dk\/index.php?rest_route=\/wp\/v2\/media\/8100"}],"wp:attachment":[{"href":"https:\/\/bilshopping.dk\/index.php?rest_route=%2Fwp%2Fv2%2Fmedia&parent=8099"}],"wp:term":[{"taxonomy":"product_cat","embeddable":true,"href":"https:\/\/bilshopping.dk\/index.php?rest_route=%2Fwp%2Fv2%2Fproduct_cat&post=8099"},{"taxonomy":"product_tag","embeddable":true,"href":"https:\/\/bilshopping.dk\/index.php?rest_route=%2Fwp%2Fv2%2Fproduct_tag&post=8099"},{"taxonomy":"brand","embeddable":true,"href":"https:\/\/bilshopping.dk\/index.php?rest_route=%2Fwp%2Fv2%2Fbrand&post=8099"}],"curies":[{"name":"wp","href":"https:\/\/api.w.org\/{rel}","templated":true}]}}