{"id":8127,"date":"2023-06-23T19:48:50","date_gmt":"2023-06-23T17:48:50","guid":{"rendered":"https:\/\/bilshopping.dk\/produkt\/alpine-r2-s65c-165-cm-hoejttaler-komponent-saet-2-vejs\/"},"modified":"2023-06-23T19:49:04","modified_gmt":"2023-06-23T17:49:04","slug":"alpine-r2-s65c-165-cm-hoejttaler-komponent-saet-2-vejs","status":"publish","type":"product","link":"https:\/\/bilshopping.dk\/?product=alpine-r2-s65c-165-cm-hoejttaler-komponent-saet-2-vejs","title":{"rendered":"Alpine R2-S65C 16,5 cm H\u00f8jttaler komponent s\u00e6t &#8211; 2-vejs."},"content":{"rendered":"<p>Produktid er <strong>3521<\/strong> og <strong>4958043905805<\/strong><\/p>\n<h2>Anmeldelse af Alpine R2-S65C 16,5 cm H\u00f8jttaler komponent s\u00e6t &#8211; 2-vejs.<\/h2>\n<p>Se om vi har en <a href=\"https:\/\/bilshopping.dk\/592\">anmeldelse af Alpine R2-S65C 16,5 cm H\u00f8jttaler komponent s\u00e6t &#8211; 2-vejs.<\/a>.<\/p>\n","protected":false},"excerpt":{"rendered":"<p>Alpines legendariske R-serie h\u00f8jttalere g\u00e5r ind i 3. generation og er designet med innovative materialer for at levere mere output og lyd, simpelthen fantastisk.\u00c2\u00a0<br \/>\nHvis du vil spille h\u00f8jt musik og vil have andre til at h\u00f8rer det, er R-Series h\u00f8jttalerne d, Alpine R2-S65C 16,5 cm H\u00f8jttaler komponent s\u00e6t &#8211; 2-vejs..<\/p>\n","protected":false},"featured_media":8128,"comment_status":"closed","ping_status":"open","template":"","meta":{"_kad_post_transparent":"","_kad_post_title":"","_kad_post_layout":"","_kad_post_sidebar_id":"","_kad_post_content_style":"","_kad_post_vertical_padding":"","_kad_post_feature":"","_kad_post_feature_position":"","_kad_post_header":false,"_kad_post_footer":false},"product_cat":[3162,3180],"product_tag":[3164,3181,2988],"brand":[],"class_list":{"0":"post-8127","1":"product","2":"type-product","3":"status-publish","4":"has-post-thumbnail","6":"product_cat-bilstereo","7":"product_cat-hoejttalere","8":"product_tag-bilstereo","9":"product_tag-hoejttalere","10":"product_tag-los","12":"first","13":"instock","14":"product-type-external","15":"entry","16":"content-bg","17":"loop-entry"},"_links":{"self":[{"href":"https:\/\/bilshopping.dk\/index.php?rest_route=\/wp\/v2\/product\/8127","targetHints":{"allow":["GET"]}}],"collection":[{"href":"https:\/\/bilshopping.dk\/index.php?rest_route=\/wp\/v2\/product"}],"about":[{"href":"https:\/\/bilshopping.dk\/index.php?rest_route=\/wp\/v2\/types\/product"}],"replies":[{"embeddable":true,"href":"https:\/\/bilshopping.dk\/index.php?rest_route=%2Fwp%2Fv2%2Fcomments&post=8127"}],"wp:featuredmedia":[{"embeddable":true,"href":"https:\/\/bilshopping.dk\/index.php?rest_route=\/wp\/v2\/media\/8128"}],"wp:attachment":[{"href":"https:\/\/bilshopping.dk\/index.php?rest_route=%2Fwp%2Fv2%2Fmedia&parent=8127"}],"wp:term":[{"taxonomy":"product_cat","embeddable":true,"href":"https:\/\/bilshopping.dk\/index.php?rest_route=%2Fwp%2Fv2%2Fproduct_cat&post=8127"},{"taxonomy":"product_tag","embeddable":true,"href":"https:\/\/bilshopping.dk\/index.php?rest_route=%2Fwp%2Fv2%2Fproduct_tag&post=8127"},{"taxonomy":"brand","embeddable":true,"href":"https:\/\/bilshopping.dk\/index.php?rest_route=%2Fwp%2Fv2%2Fbrand&post=8127"}],"curies":[{"name":"wp","href":"https:\/\/api.w.org\/{rel}","templated":true}]}}