{"id":8129,"date":"2023-06-23T19:48:50","date_gmt":"2023-06-23T17:48:50","guid":{"rendered":"https:\/\/bilshopping.dk\/produkt\/fix2car-universal-mobil-holder-til-montering-paa-beslag\/"},"modified":"2023-06-23T19:49:05","modified_gmt":"2023-06-23T17:49:05","slug":"fix2car-universal-mobil-holder-til-montering-paa-beslag","status":"publish","type":"product","link":"https:\/\/bilshopping.dk\/?product=fix2car-universal-mobil-holder-til-montering-paa-beslag","title":{"rendered":"Fix2Car Universal mobil holder til montering p\u00e5 beslag"},"content":{"rendered":"<p>Produktid er <strong>3522<\/strong> og <strong>5705932650211<\/strong><\/p>\n<h2>Anmeldelse af Fix2Car Universal mobil holder til montering p\u00e5 beslag<\/h2>\n<p>Se om vi har en <a href=\"https:\/\/bilshopping.dk\/592\">anmeldelse af Fix2Car Universal mobil holder til montering p\u00e5 beslag<\/a>.<\/p>\n","protected":false},"excerpt":{"rendered":"<p>Fix2Car Universal mobil holder til montering p\u00e5 beslag. Holderen passer til stort set alle telefoner. Passer til telefoner i bredden: 35-83 mm.<br \/>\nHolderen kommer sammen med en adapterplade, s\u00e5 den kan monteres p\u00e5 et bilspecifikt beslag.\u00c2\u00a0<br \/>\n\tUniversal mobil h, Fix2Car Universal mobil holder til montering p\u00e5 beslag.<\/p>\n","protected":false},"featured_media":8130,"comment_status":"closed","ping_status":"open","template":"","meta":{"_kad_post_transparent":"","_kad_post_title":"","_kad_post_layout":"","_kad_post_sidebar_id":"","_kad_post_content_style":"","_kad_post_vertical_padding":"","_kad_post_feature":"","_kad_post_feature_position":"","_kad_post_header":false,"_kad_post_footer":false},"product_cat":[3211,3264],"product_tag":[3213,2988,3265],"brand":[],"class_list":{"0":"post-8129","1":"product","2":"type-product","3":"status-publish","4":"has-post-thumbnail","6":"product_cat-indvendig-tilbehoer","7":"product_cat-mobil-tilbehoer","8":"product_tag-indvendig-tilbehoer","9":"product_tag-los","10":"product_tag-mobil-tilbehoer","12":"first","13":"instock","14":"product-type-external","15":"entry","16":"content-bg","17":"loop-entry"},"_links":{"self":[{"href":"https:\/\/bilshopping.dk\/index.php?rest_route=\/wp\/v2\/product\/8129","targetHints":{"allow":["GET"]}}],"collection":[{"href":"https:\/\/bilshopping.dk\/index.php?rest_route=\/wp\/v2\/product"}],"about":[{"href":"https:\/\/bilshopping.dk\/index.php?rest_route=\/wp\/v2\/types\/product"}],"replies":[{"embeddable":true,"href":"https:\/\/bilshopping.dk\/index.php?rest_route=%2Fwp%2Fv2%2Fcomments&post=8129"}],"wp:featuredmedia":[{"embeddable":true,"href":"https:\/\/bilshopping.dk\/index.php?rest_route=\/wp\/v2\/media\/8130"}],"wp:attachment":[{"href":"https:\/\/bilshopping.dk\/index.php?rest_route=%2Fwp%2Fv2%2Fmedia&parent=8129"}],"wp:term":[{"taxonomy":"product_cat","embeddable":true,"href":"https:\/\/bilshopping.dk\/index.php?rest_route=%2Fwp%2Fv2%2Fproduct_cat&post=8129"},{"taxonomy":"product_tag","embeddable":true,"href":"https:\/\/bilshopping.dk\/index.php?rest_route=%2Fwp%2Fv2%2Fproduct_tag&post=8129"},{"taxonomy":"brand","embeddable":true,"href":"https:\/\/bilshopping.dk\/index.php?rest_route=%2Fwp%2Fv2%2Fbrand&post=8129"}],"curies":[{"name":"wp","href":"https:\/\/api.w.org\/{rel}","templated":true}]}}